{"id":54,"date":"2022-01-29T22:47:05","date_gmt":"2022-01-29T20:47:05","guid":{"rendered":"http:\/\/virustauti.fi\/wpsite\/?page_id=54"},"modified":"2023-05-17T14:06:38","modified_gmt":"2023-05-17T12:06:38","slug":"apurahat-2021","status":"publish","type":"page","link":"http:\/\/virustauti.fi\/wpsite\/apurahat\/apurahat-2021\/","title":{"rendered":"Apurahat 2021"},"content":{"rendered":"\r\n<p>Virustautien Tutkimuss\u00e4\u00e4ti\u00f6n apurahalautakunta (prof. Klaus Hedman, prof. Seppo Yl\u00e4-\r\nHerttuala, prof. Ilkka Julkunen) on antanut lausuntonsa apurahahakemuksista. Virustautien\r\nTutkimuss\u00e4\u00e4ti\u00f6 on p\u00e4\u00e4tynyt yksimielisesti my\u00f6nt\u00e4m\u00e4\u00e4n apurahat seuraaville viidelle\r\nhakijalle, 1000 euroa kullekin:<\/p>\r\n\r\n\r\n\r\n<ul class=\"wp-block-list\"><li>Aleksandr Ianevski, Helsingin yliopisto<\/li><li>Anni Honkimaa, Tampereen yliopisto<\/li><li>Leonora Szirovicza, Helsingin yliopisto<\/li><li>Lari Py\u00f6ri\u00e4, Helsingin yliopisto<\/li><\/ul>\r\n","protected":false},"excerpt":{"rendered":"<p>Virustautien Tutkimuss\u00e4\u00e4ti\u00f6n apurahalautakunta (prof. Klaus Hedman, prof. Seppo Yl\u00e4- Herttuala, prof. Ilkka Julkunen) on antanut lausuntonsa apurahahakemuksista. Virustautien Tutkimuss\u00e4\u00e4ti\u00f6 on p\u00e4\u00e4tynyt yksimielisesti my\u00f6nt\u00e4m\u00e4\u00e4n apurahat seuraaville viidelle hakijalle, 1000 euroa kullekin: Aleksandr Ianevski, Helsingin yliopisto Anni Honkimaa, Tampereen yliopisto Leonora Szirovicza, Helsingin yliopisto Lari Py\u00f6ri\u00e4, Helsingin yliopisto<\/p>\n","protected":false},"author":1,"featured_media":0,"parent":52,"menu_order":0,"comment_status":"closed","ping_status":"closed","template":"","meta":{"footnotes":""},"class_list":["post-54","page","type-page","status-publish","hentry"],"_links":{"self":[{"href":"http:\/\/virustauti.fi\/wpsite\/wp-json\/wp\/v2\/pages\/54","targetHints":{"allow":["GET"]}}],"collection":[{"href":"http:\/\/virustauti.fi\/wpsite\/wp-json\/wp\/v2\/pages"}],"about":[{"href":"http:\/\/virustauti.fi\/wpsite\/wp-json\/wp\/v2\/types\/page"}],"author":[{"embeddable":true,"href":"http:\/\/virustauti.fi\/wpsite\/wp-json\/wp\/v2\/users\/1"}],"replies":[{"embeddable":true,"href":"http:\/\/virustauti.fi\/wpsite\/wp-json\/wp\/v2\/comments?post=54"}],"version-history":[{"count":3,"href":"http:\/\/virustauti.fi\/wpsite\/wp-json\/wp\/v2\/pages\/54\/revisions"}],"predecessor-version":[{"id":396,"href":"http:\/\/virustauti.fi\/wpsite\/wp-json\/wp\/v2\/pages\/54\/revisions\/396"}],"up":[{"embeddable":true,"href":"http:\/\/virustauti.fi\/wpsite\/wp-json\/wp\/v2\/pages\/52"}],"wp:attachment":[{"href":"http:\/\/virustauti.fi\/wpsite\/wp-json\/wp\/v2\/media?parent=54"}],"curies":[{"name":"wp","href":"https:\/\/api.w.org\/{rel}","templated":true}]}}