{"id":482,"date":"2025-01-03T11:44:51","date_gmt":"2025-01-03T09:44:51","guid":{"rendered":"http:\/\/virustauti.fi\/wpsite\/?page_id=482"},"modified":"2025-01-03T11:47:13","modified_gmt":"2025-01-03T09:47:13","slug":"apurahat-2024","status":"publish","type":"page","link":"http:\/\/virustauti.fi\/wpsite\/apurahat\/apurahat-2024\/","title":{"rendered":"Apurahat 2024"},"content":{"rendered":"\r\n<p>Virustautien Tutkimuss\u00e4\u00e4ti\u00f6n apurahalautakunta (dos. Laura Kakkola, dos. Jussi Hepojoki, prof. Heikki Hy\u00f6ty) on antanut lausuntonsa apurahahakemuksista. Virustautien\r\nTutkimuss\u00e4\u00e4ti\u00f6 on p\u00e4\u00e4tynyt yksimielisesti my\u00f6nt\u00e4m\u00e4\u00e4n apurahat seuraaville 10 hakijalle,\r\n1000 euroa kullekin:<\/p>\r\n\r\n\r\n\r\n<ul class=\"wp-block-list\">\r\n<li>FM Soppela Saana, Tampereen yliopisto: Uudet laajakirjoiset rokotteet enterovirusten aiheuttamia sairauksia vastaan\r\n<\/li>\r\n<li>LL Nurmi Visa, Helsingin yliopisto: Innovativa metoder f\u00f6r serodiagnos av virusinfektioner och immunitet\r\n<\/li>\r\n<li>MD, MSc Cabrera Lara Luz Eneida, Helsingin yliopisto: Innate immune responses in viral infections: unveiling the roles of Neutrophils and Monocytes in vascular permeability<\/li>\r\n<li>MSc Shroff Sailee, Jyv\u00e4skyl\u00e4n yliopisto: Virus persistence on surfaces: Studies on nature-based solutions\r\n<\/li>\r\n<li>FM Reinholm Arttu, Turun yliopisto: Vaccine- and SARS-CoV-2 infection-induced adaptive immunity: the impact of different vaccines and hybrid-immunity\r\n<\/li>\r\n<li>PhD Weinstein Ilja, Helsingin yliopisto: Applying NGS and Nanopore Metagenomics to Study Viral Infections Associated with Canine Respiratory Disease\r\n<\/li>\r\n<li>LL Palom\u00e4ki Jussi, Turun yliopisto: Ekstrasellulaaritilaa muokkaavat siirtogeenit onkolyyttisess\u00e4 HSV-1-vektorissa\r\n<\/li>\r\n<li>ELL Hautala Katja, Helsingin yliopisto: Ortho- ja parapoxvirusten levi\u00e4minen ja torjunta<\/li>\r\n<li>PhD Guevara Evelyn, Helsingin yliopisto: Pathogens on the move: evolution of persistent human DNA viruses in the Americas from pre-Columbian to colonial times\r\n<\/li>\r\n<li>ELL Loikkanen Emil, Helsingin yliopisto: Hepatiitti E -virus (HEV) suomalaisessa elintarvikeketjussa<\/li>\r\n\r\n<\/ul>\r\n","protected":false},"excerpt":{"rendered":"<p>Virustautien Tutkimuss\u00e4\u00e4ti\u00f6n apurahalautakunta (dos. Laura Kakkola, dos. Jussi Hepojoki, prof. Heikki Hy\u00f6ty) on antanut lausuntonsa apurahahakemuksista. Virustautien Tutkimuss\u00e4\u00e4ti\u00f6 on p\u00e4\u00e4tynyt yksimielisesti my\u00f6nt\u00e4m\u00e4\u00e4n apurahat seuraaville 10 hakijalle, 1000 euroa kullekin: FM Soppela Saana, Tampereen yliopisto: Uudet laajakirjoiset rokotteet enterovirusten aiheuttamia sairauksia vastaan LL Nurmi Visa, Helsingin yliopisto: Innovativa metoder f\u00f6r serodiagnos av virusinfektioner och immunitet MD, [&hellip;]<\/p>\n","protected":false},"author":3,"featured_media":0,"parent":52,"menu_order":0,"comment_status":"closed","ping_status":"closed","template":"","meta":{"footnotes":""},"class_list":["post-482","page","type-page","status-publish","hentry"],"_links":{"self":[{"href":"http:\/\/virustauti.fi\/wpsite\/wp-json\/wp\/v2\/pages\/482","targetHints":{"allow":["GET"]}}],"collection":[{"href":"http:\/\/virustauti.fi\/wpsite\/wp-json\/wp\/v2\/pages"}],"about":[{"href":"http:\/\/virustauti.fi\/wpsite\/wp-json\/wp\/v2\/types\/page"}],"author":[{"embeddable":true,"href":"http:\/\/virustauti.fi\/wpsite\/wp-json\/wp\/v2\/users\/3"}],"replies":[{"embeddable":true,"href":"http:\/\/virustauti.fi\/wpsite\/wp-json\/wp\/v2\/comments?post=482"}],"version-history":[{"count":2,"href":"http:\/\/virustauti.fi\/wpsite\/wp-json\/wp\/v2\/pages\/482\/revisions"}],"predecessor-version":[{"id":484,"href":"http:\/\/virustauti.fi\/wpsite\/wp-json\/wp\/v2\/pages\/482\/revisions\/484"}],"up":[{"embeddable":true,"href":"http:\/\/virustauti.fi\/wpsite\/wp-json\/wp\/v2\/pages\/52"}],"wp:attachment":[{"href":"http:\/\/virustauti.fi\/wpsite\/wp-json\/wp\/v2\/media?parent=482"}],"curies":[{"name":"wp","href":"https:\/\/api.w.org\/{rel}","templated":true}]}}