{"id":434,"date":"2023-05-12T14:03:07","date_gmt":"2023-05-12T12:03:07","guid":{"rendered":"http:\/\/virustauti.fi\/wpsite\/?page_id=434"},"modified":"2023-05-12T14:03:07","modified_gmt":"2023-05-12T12:03:07","slug":"apurahat-2003","status":"publish","type":"page","link":"http:\/\/virustauti.fi\/wpsite\/apurahat\/apurahat-2003\/","title":{"rendered":"Apurahat 2003"},"content":{"rendered":"\r\n<p>\r\nVirustautien tutkimuss\u00e4\u00e4ti\u00f6n apurahalautakunta (prof. Pauli Leinikki, prof. Aimo Salmi ja\r\nemer prof. Carl-Henrik von Bonsdorff) on antanut lausuntonsa apurahahakemuksista, joita\r\nsaapui m\u00e4\u00e4r\u00e4aikaan menness\u00e4 48 kpl.<\/p>\r\n<p>\r\nK\u00e4sitelty\u00e4\u00e4n hakemukset ja saatuaan taloudenhoitajan lausunnon k\u00e4ytett\u00e4viss\u00e4 olevasta\r\nkokonaissummasta lautakunta on p\u00e4\u00e4tynyt yksimielisesti ehdottamaan apurahojen\r\nmy\u00f6nt\u00e4mist\u00e4 seuraaville seitsem\u00e4lle hakijalle, 1400 euroa kullekin:<\/p>\r\n\r\n\r\n\r\n<ul class=\"wp-block-list\">\r\n<li>LL Rauli Franssila, Helsingin yliopisto<\/li>\r\n<li>FM Kirsi Ojala, Jyv\u00e4skyl\u00e4n yliopisto<\/li>\r\n<li>LK Jutta Peltoniemi, Turun yliopisto<\/li>\r\n<li>FM Vilja Pieti\u00e4inen, Helsingin yliopisto<\/li>\r\n<li>FM Pietri Puustinen, Helsingin yliopisto<\/li>\r\n<li>FM Carita Savolainen, KTL<\/li>\r\n<li>FM Sanna Suikkanen, Jyv\u00e4skyl\u00e4n yliopisto<\/li>\r\n\r\n<\/ul>\r\n","protected":false},"excerpt":{"rendered":"<p>Virustautien tutkimuss\u00e4\u00e4ti\u00f6n apurahalautakunta (prof. Pauli Leinikki, prof. Aimo Salmi ja emer prof. Carl-Henrik von Bonsdorff) on antanut lausuntonsa apurahahakemuksista, joita saapui m\u00e4\u00e4r\u00e4aikaan menness\u00e4 48 kpl. K\u00e4sitelty\u00e4\u00e4n hakemukset ja saatuaan taloudenhoitajan lausunnon k\u00e4ytett\u00e4viss\u00e4 olevasta kokonaissummasta lautakunta on p\u00e4\u00e4tynyt yksimielisesti ehdottamaan apurahojen my\u00f6nt\u00e4mist\u00e4 seuraaville seitsem\u00e4lle hakijalle, 1400 euroa kullekin: LL Rauli Franssila, Helsingin yliopisto FM Kirsi Ojala, [&hellip;]<\/p>\n","protected":false},"author":3,"featured_media":0,"parent":52,"menu_order":0,"comment_status":"closed","ping_status":"closed","template":"","meta":{"footnotes":""},"class_list":["post-434","page","type-page","status-publish","hentry"],"_links":{"self":[{"href":"http:\/\/virustauti.fi\/wpsite\/wp-json\/wp\/v2\/pages\/434","targetHints":{"allow":["GET"]}}],"collection":[{"href":"http:\/\/virustauti.fi\/wpsite\/wp-json\/wp\/v2\/pages"}],"about":[{"href":"http:\/\/virustauti.fi\/wpsite\/wp-json\/wp\/v2\/types\/page"}],"author":[{"embeddable":true,"href":"http:\/\/virustauti.fi\/wpsite\/wp-json\/wp\/v2\/users\/3"}],"replies":[{"embeddable":true,"href":"http:\/\/virustauti.fi\/wpsite\/wp-json\/wp\/v2\/comments?post=434"}],"version-history":[{"count":2,"href":"http:\/\/virustauti.fi\/wpsite\/wp-json\/wp\/v2\/pages\/434\/revisions"}],"predecessor-version":[{"id":436,"href":"http:\/\/virustauti.fi\/wpsite\/wp-json\/wp\/v2\/pages\/434\/revisions\/436"}],"up":[{"embeddable":true,"href":"http:\/\/virustauti.fi\/wpsite\/wp-json\/wp\/v2\/pages\/52"}],"wp:attachment":[{"href":"http:\/\/virustauti.fi\/wpsite\/wp-json\/wp\/v2\/media?parent=434"}],"curies":[{"name":"wp","href":"https:\/\/api.w.org\/{rel}","templated":true}]}}