{"id":431,"date":"2023-05-12T14:01:38","date_gmt":"2023-05-12T12:01:38","guid":{"rendered":"http:\/\/virustauti.fi\/wpsite\/?page_id=431"},"modified":"2023-05-12T14:01:38","modified_gmt":"2023-05-12T12:01:38","slug":"apurahat-2004","status":"publish","type":"page","link":"http:\/\/virustauti.fi\/wpsite\/apurahat\/apurahat-2004\/","title":{"rendered":"Apurahat 2004"},"content":{"rendered":"\r\n<p>\r\nVirustautien tutkimuss\u00e4\u00e4ti\u00f6n apurahalautakunta (prof. Pauli Leinikki, dos. Pertti Arstila ja\r\nemer prof. Carl-Henrik von Bonsdorff) on antanut lausuntonsa apurahahakemuksista, joita\r\nsaapui kaikkiaan 31 kpl.<\/p>\r\n<p>\r\nK\u00e4sitelty\u00e4\u00e4n hakemukset ja saatuaan taloudenhoitajan lausunnon k\u00e4ytett\u00e4viss\u00e4 olevasta\r\nkokonaissummasta lautakunta on p\u00e4\u00e4tynyt yksimielisesti ehdottamaan apurahojen\r\nmy\u00f6nt\u00e4mist\u00e4 seuraaville seitsem\u00e4lle hakijalle, 1500 euroa kullekin:<\/p>\r\n\r\n\r\n\r\n<ul class=\"wp-block-list\">\r\n<li>FM Heidi Bergh\u00e4ll, Turun yliopisto<\/li>\r\n<li>FM Riku Fagerlund, KTL<\/li>\r\n<li>LK Camilla Krogerus, Helsingin yliopisto<\/li>\r\n<li>FM Piritta Peri, Turun yliopisto<\/li>\r\n<li>FM Sami Kukkonen, Helsingin yliopisto<\/li>\r\n<li>FM Jouni Toivola, Jyv\u00e4skyl\u00e4n yliopisto<\/li>\r\n<li>FM Paula Upla, Jyv\u00e4skyl\u00e4n yliopisto<\/li>\r\n\r\n<\/ul>\r\n","protected":false},"excerpt":{"rendered":"<p>Virustautien tutkimuss\u00e4\u00e4ti\u00f6n apurahalautakunta (prof. Pauli Leinikki, dos. Pertti Arstila ja emer prof. Carl-Henrik von Bonsdorff) on antanut lausuntonsa apurahahakemuksista, joita saapui kaikkiaan 31 kpl. K\u00e4sitelty\u00e4\u00e4n hakemukset ja saatuaan taloudenhoitajan lausunnon k\u00e4ytett\u00e4viss\u00e4 olevasta kokonaissummasta lautakunta on p\u00e4\u00e4tynyt yksimielisesti ehdottamaan apurahojen my\u00f6nt\u00e4mist\u00e4 seuraaville seitsem\u00e4lle hakijalle, 1500 euroa kullekin: FM Heidi Bergh\u00e4ll, Turun yliopisto FM Riku Fagerlund, KTL [&hellip;]<\/p>\n","protected":false},"author":3,"featured_media":0,"parent":52,"menu_order":0,"comment_status":"closed","ping_status":"closed","template":"","meta":{"footnotes":""},"class_list":["post-431","page","type-page","status-publish","hentry"],"_links":{"self":[{"href":"http:\/\/virustauti.fi\/wpsite\/wp-json\/wp\/v2\/pages\/431","targetHints":{"allow":["GET"]}}],"collection":[{"href":"http:\/\/virustauti.fi\/wpsite\/wp-json\/wp\/v2\/pages"}],"about":[{"href":"http:\/\/virustauti.fi\/wpsite\/wp-json\/wp\/v2\/types\/page"}],"author":[{"embeddable":true,"href":"http:\/\/virustauti.fi\/wpsite\/wp-json\/wp\/v2\/users\/3"}],"replies":[{"embeddable":true,"href":"http:\/\/virustauti.fi\/wpsite\/wp-json\/wp\/v2\/comments?post=431"}],"version-history":[{"count":2,"href":"http:\/\/virustauti.fi\/wpsite\/wp-json\/wp\/v2\/pages\/431\/revisions"}],"predecessor-version":[{"id":433,"href":"http:\/\/virustauti.fi\/wpsite\/wp-json\/wp\/v2\/pages\/431\/revisions\/433"}],"up":[{"embeddable":true,"href":"http:\/\/virustauti.fi\/wpsite\/wp-json\/wp\/v2\/pages\/52"}],"wp:attachment":[{"href":"http:\/\/virustauti.fi\/wpsite\/wp-json\/wp\/v2\/media?parent=431"}],"curies":[{"name":"wp","href":"https:\/\/api.w.org\/{rel}","templated":true}]}}