{"id":427,"date":"2023-05-12T13:59:45","date_gmt":"2023-05-12T11:59:45","guid":{"rendered":"http:\/\/virustauti.fi\/wpsite\/?page_id=427"},"modified":"2023-05-12T14:00:10","modified_gmt":"2023-05-12T12:00:10","slug":"apurahat-2005","status":"publish","type":"page","link":"http:\/\/virustauti.fi\/wpsite\/apurahat\/apurahat-2005\/","title":{"rendered":"Apurahat 2005"},"content":{"rendered":"\r\n<p>\r\nVirustautien tutkimuss\u00e4\u00e4ti\u00f6n apurahalautakunta (prof.Pauli Leinikki, dos. Pertti Arstila ja\r\nemer prof. Antti Vaheri) on antanut lausuntonsa apurahahakemuksista, joita saapui\r\nkaikkiaan 37 kpl.<\/p>\r\n<p>\r\nK\u00e4sitelty\u00e4\u00e4n hakemukset ja saatuaan taloudenhoitajan lausunnon k\u00e4ytett\u00e4viss\u00e4 olevasta\r\nkokonaissummasta lautakunta on p\u00e4\u00e4tynyt yksimielisesti ehdottamaan apurahojen\r\nmy\u00f6nt\u00e4mist\u00e4 seuraaville kahdeksalle hakijalle, 1300 euroa kullekin:<\/p>\r\n\r\n\r\n\r\n<ul class=\"wp-block-list\">\r\n<li>FM Annu Alho, Helsingin yliopisto<\/li>\r\n<li>FM Leona Gilbert, Jyv\u00e4skyl\u00e4n yliopisto<\/li>\r\n<li>FM Juha Huiskonen, Turun yliopisto<\/li>\r\n<li>LK Satu Kurkela, Helsingin yliopisto<\/li>\r\n<li>LL Ville Kyt\u00f6, Turun yliopisto<\/li>\r\n<li>LL Miia M\u00e4kel\u00e4, Turun yliopisto<\/li>\r\n<li>FM Michaela Nyg\u00e5rdas, Turun yliopisto<\/li>\r\n<li>FM Jukka Siren, KTL<\/li>\r\n\r\n\r\n<\/ul>\r\n","protected":false},"excerpt":{"rendered":"<p>Virustautien tutkimuss\u00e4\u00e4ti\u00f6n apurahalautakunta (prof.Pauli Leinikki, dos. Pertti Arstila ja emer prof. Antti Vaheri) on antanut lausuntonsa apurahahakemuksista, joita saapui kaikkiaan 37 kpl. K\u00e4sitelty\u00e4\u00e4n hakemukset ja saatuaan taloudenhoitajan lausunnon k\u00e4ytett\u00e4viss\u00e4 olevasta kokonaissummasta lautakunta on p\u00e4\u00e4tynyt yksimielisesti ehdottamaan apurahojen my\u00f6nt\u00e4mist\u00e4 seuraaville kahdeksalle hakijalle, 1300 euroa kullekin: FM Annu Alho, Helsingin yliopisto FM Leona Gilbert, Jyv\u00e4skyl\u00e4n yliopisto FM [&hellip;]<\/p>\n","protected":false},"author":3,"featured_media":0,"parent":52,"menu_order":0,"comment_status":"closed","ping_status":"closed","template":"","meta":{"footnotes":""},"class_list":["post-427","page","type-page","status-publish","hentry"],"_links":{"self":[{"href":"http:\/\/virustauti.fi\/wpsite\/wp-json\/wp\/v2\/pages\/427","targetHints":{"allow":["GET"]}}],"collection":[{"href":"http:\/\/virustauti.fi\/wpsite\/wp-json\/wp\/v2\/pages"}],"about":[{"href":"http:\/\/virustauti.fi\/wpsite\/wp-json\/wp\/v2\/types\/page"}],"author":[{"embeddable":true,"href":"http:\/\/virustauti.fi\/wpsite\/wp-json\/wp\/v2\/users\/3"}],"replies":[{"embeddable":true,"href":"http:\/\/virustauti.fi\/wpsite\/wp-json\/wp\/v2\/comments?post=427"}],"version-history":[{"count":2,"href":"http:\/\/virustauti.fi\/wpsite\/wp-json\/wp\/v2\/pages\/427\/revisions"}],"predecessor-version":[{"id":430,"href":"http:\/\/virustauti.fi\/wpsite\/wp-json\/wp\/v2\/pages\/427\/revisions\/430"}],"up":[{"embeddable":true,"href":"http:\/\/virustauti.fi\/wpsite\/wp-json\/wp\/v2\/pages\/52"}],"wp:attachment":[{"href":"http:\/\/virustauti.fi\/wpsite\/wp-json\/wp\/v2\/media?parent=427"}],"curies":[{"name":"wp","href":"https:\/\/api.w.org\/{rel}","templated":true}]}}