{"id":424,"date":"2023-05-12T13:58:22","date_gmt":"2023-05-12T11:58:22","guid":{"rendered":"http:\/\/virustauti.fi\/wpsite\/?page_id=424"},"modified":"2023-05-12T13:58:22","modified_gmt":"2023-05-12T11:58:22","slug":"apurahat-2006","status":"publish","type":"page","link":"http:\/\/virustauti.fi\/wpsite\/apurahat\/apurahat-2006\/","title":{"rendered":"Apurahat 2006"},"content":{"rendered":"\r\n<p>\r\nVirustautien tutkimuss\u00e4\u00e4ti\u00f6n apurahalautakunta (dos. Pertti Arstila, prof. Ilkka Julkunen ja\r\nemer prof. Antti Vaheri) on antanut lausuntonsa apurahahakemuksista, joita saapui\r\nm\u00e4\u00e4r\u00e4aikaan menness\u00e4 24 kpl.<\/p>\r\n<p>\r\nK\u00e4sitelty\u00e4\u00e4n hakemukset ja saatuaan taloudenhoitajan lausunnon k\u00e4ytett\u00e4viss\u00e4 olevasta\r\nkokonaissummasta lautakunta on p\u00e4\u00e4tynyt yksimielisesti ehdottamaan apurahojen\r\nmy\u00f6nt\u00e4mist\u00e4 seuraaville kahdeksalle hakijalle, 1300 euroa kullekin:<\/p>\r\n\r\n\r\n\r\n<ul class=\"wp-block-list\">\r\n<li>FM Kati Hokynar, Helsingin yliopisto<\/li>\r\n<li>FM Anna M\u00e4kel\u00e4, Jyv\u00e4skyl\u00e4n yliopisto<\/li>\r\n<li>MMM Anu J\u00e4\u00e4skel\u00e4inen, Helsingin yliopisto<\/li>\r\n<li>MMM Katri M\u00e4kel\u00e4inen, Helsingin yliopisto<\/li>\r\n<li>FM Mari Raki, Helsingin yliopisto<\/li>\r\n<li>LL Minna Koskenvuo, TYKS<\/li>\r\n<li>FM Johanna Rinne, Jyv\u00e4skyl\u00e4n yliopisto<\/li>\r\n<li>FM Laura Kakkola, Helsingin yliopisto<\/li>\r\n\r\n\r\n<\/ul>\r\n","protected":false},"excerpt":{"rendered":"<p>Virustautien tutkimuss\u00e4\u00e4ti\u00f6n apurahalautakunta (dos. Pertti Arstila, prof. Ilkka Julkunen ja emer prof. Antti Vaheri) on antanut lausuntonsa apurahahakemuksista, joita saapui m\u00e4\u00e4r\u00e4aikaan menness\u00e4 24 kpl. K\u00e4sitelty\u00e4\u00e4n hakemukset ja saatuaan taloudenhoitajan lausunnon k\u00e4ytett\u00e4viss\u00e4 olevasta kokonaissummasta lautakunta on p\u00e4\u00e4tynyt yksimielisesti ehdottamaan apurahojen my\u00f6nt\u00e4mist\u00e4 seuraaville kahdeksalle hakijalle, 1300 euroa kullekin: FM Kati Hokynar, Helsingin yliopisto FM Anna M\u00e4kel\u00e4, Jyv\u00e4skyl\u00e4n [&hellip;]<\/p>\n","protected":false},"author":3,"featured_media":0,"parent":52,"menu_order":0,"comment_status":"closed","ping_status":"closed","template":"","meta":{"footnotes":""},"class_list":["post-424","page","type-page","status-publish","hentry"],"_links":{"self":[{"href":"http:\/\/virustauti.fi\/wpsite\/wp-json\/wp\/v2\/pages\/424","targetHints":{"allow":["GET"]}}],"collection":[{"href":"http:\/\/virustauti.fi\/wpsite\/wp-json\/wp\/v2\/pages"}],"about":[{"href":"http:\/\/virustauti.fi\/wpsite\/wp-json\/wp\/v2\/types\/page"}],"author":[{"embeddable":true,"href":"http:\/\/virustauti.fi\/wpsite\/wp-json\/wp\/v2\/users\/3"}],"replies":[{"embeddable":true,"href":"http:\/\/virustauti.fi\/wpsite\/wp-json\/wp\/v2\/comments?post=424"}],"version-history":[{"count":2,"href":"http:\/\/virustauti.fi\/wpsite\/wp-json\/wp\/v2\/pages\/424\/revisions"}],"predecessor-version":[{"id":426,"href":"http:\/\/virustauti.fi\/wpsite\/wp-json\/wp\/v2\/pages\/424\/revisions\/426"}],"up":[{"embeddable":true,"href":"http:\/\/virustauti.fi\/wpsite\/wp-json\/wp\/v2\/pages\/52"}],"wp:attachment":[{"href":"http:\/\/virustauti.fi\/wpsite\/wp-json\/wp\/v2\/media?parent=424"}],"curies":[{"name":"wp","href":"https:\/\/api.w.org\/{rel}","templated":true}]}}