{"id":419,"date":"2023-05-12T13:54:57","date_gmt":"2023-05-12T11:54:57","guid":{"rendered":"http:\/\/virustauti.fi\/wpsite\/?page_id=419"},"modified":"2023-05-12T13:54:57","modified_gmt":"2023-05-12T11:54:57","slug":"apurahat-2008","status":"publish","type":"page","link":"http:\/\/virustauti.fi\/wpsite\/apurahat\/apurahat-2008\/","title":{"rendered":"Apurahat 2008"},"content":{"rendered":"\r\n<p>\r\nVirustautien tutkimuss\u00e4\u00e4ti\u00f6n apurahalautakunta (prof. Timo Hyypi\u00e4, prof. Ilkka Julkunen ja\r\nemer prof. Antti Vaheri) on antanut lausuntonsa apurahahakemuksista, joita saapui\r\nm\u00e4\u00e4r\u00e4aikaan menness\u00e4 32 kpl.<\/p>\r\n<p>\r\nK\u00e4sitelty\u00e4\u00e4n hakemukset ja saatuaan taloudenhoitajan lausunnon k\u00e4ytett\u00e4viss\u00e4 olevasta\r\nkokonaissummasta lautakunta on p\u00e4\u00e4tynyt yksimielisesti ehdottamaan apurahojen\r\nmy\u00f6nt\u00e4mist\u00e4 seuraaville kahdeksalle hakijalle, 1300 euroa kullekin:<\/p>\r\n\r\n\r\n\r\n<ul class=\"wp-block-list\">\r\n<li>LL Johanna Aarnisalo, Turun yliopisto<\/li>\r\n<li>FM Agne Alminaite, Helsingin yliopisto<\/li>\r\n<li>FM Eili Huhtamo, Helsingin yliopisto<\/li>\r\n<li>FM Teemu Ihalainen, Jyv\u00e4skyl\u00e4n yliopisto<\/li>\r\n<li>FM Kirsi J\u00e4\u00e4skel\u00e4inen, Helsingin yliopisto<\/li>\r\n<li>LL Johan L\u00f6fgren, Oulun yliopisto ja OYS<\/li>\r\n<li>LL Marja Sarkola, Turun yliopisto<\/li>\r\n<li>FM Merja S\u00e4rkioja, Helsingin yliopisto<\/li>\r\n\r\n<\/ul>\r\n","protected":false},"excerpt":{"rendered":"<p>Virustautien tutkimuss\u00e4\u00e4ti\u00f6n apurahalautakunta (prof. Timo Hyypi\u00e4, prof. Ilkka Julkunen ja emer prof. Antti Vaheri) on antanut lausuntonsa apurahahakemuksista, joita saapui m\u00e4\u00e4r\u00e4aikaan menness\u00e4 32 kpl. K\u00e4sitelty\u00e4\u00e4n hakemukset ja saatuaan taloudenhoitajan lausunnon k\u00e4ytett\u00e4viss\u00e4 olevasta kokonaissummasta lautakunta on p\u00e4\u00e4tynyt yksimielisesti ehdottamaan apurahojen my\u00f6nt\u00e4mist\u00e4 seuraaville kahdeksalle hakijalle, 1300 euroa kullekin: LL Johanna Aarnisalo, Turun yliopisto FM Agne Alminaite, Helsingin [&hellip;]<\/p>\n","protected":false},"author":3,"featured_media":0,"parent":52,"menu_order":0,"comment_status":"closed","ping_status":"closed","template":"","meta":{"footnotes":""},"class_list":["post-419","page","type-page","status-publish","hentry"],"_links":{"self":[{"href":"http:\/\/virustauti.fi\/wpsite\/wp-json\/wp\/v2\/pages\/419","targetHints":{"allow":["GET"]}}],"collection":[{"href":"http:\/\/virustauti.fi\/wpsite\/wp-json\/wp\/v2\/pages"}],"about":[{"href":"http:\/\/virustauti.fi\/wpsite\/wp-json\/wp\/v2\/types\/page"}],"author":[{"embeddable":true,"href":"http:\/\/virustauti.fi\/wpsite\/wp-json\/wp\/v2\/users\/3"}],"replies":[{"embeddable":true,"href":"http:\/\/virustauti.fi\/wpsite\/wp-json\/wp\/v2\/comments?post=419"}],"version-history":[{"count":2,"href":"http:\/\/virustauti.fi\/wpsite\/wp-json\/wp\/v2\/pages\/419\/revisions"}],"predecessor-version":[{"id":421,"href":"http:\/\/virustauti.fi\/wpsite\/wp-json\/wp\/v2\/pages\/419\/revisions\/421"}],"up":[{"embeddable":true,"href":"http:\/\/virustauti.fi\/wpsite\/wp-json\/wp\/v2\/pages\/52"}],"wp:attachment":[{"href":"http:\/\/virustauti.fi\/wpsite\/wp-json\/wp\/v2\/media?parent=419"}],"curies":[{"name":"wp","href":"https:\/\/api.w.org\/{rel}","templated":true}]}}