{"id":416,"date":"2023-05-12T13:52:56","date_gmt":"2023-05-12T11:52:56","guid":{"rendered":"http:\/\/virustauti.fi\/wpsite\/?page_id=416"},"modified":"2023-05-12T13:52:56","modified_gmt":"2023-05-12T11:52:56","slug":"apurahat-2009","status":"publish","type":"page","link":"http:\/\/virustauti.fi\/wpsite\/apurahat\/apurahat-2009\/","title":{"rendered":"Apurahat 2009"},"content":{"rendered":"\r\n<p>\r\nVirustautien tutkimuss\u00e4\u00e4ti\u00f6n apurahalautakunta (prof. Timo Hyypi\u00e4 pj., prof. Klaus Hedman\r\nja dos. Varpu Marjom\u00e4ki) on antanut lausuntonsa apurahahakemuksista. <\/p>\r\n<p>K\u00e4sitelty\u00e4\u00e4n hakemukset ja saatuaan taloudenhoitajan lausunnon k\u00e4ytett\u00e4viss\u00e4 olevasta\r\nkokonaissummasta lautakunta on p\u00e4\u00e4tynyt yksimielisesti ehdottamaan apurahojen\r\nmy\u00f6nt\u00e4mist\u00e4 seuraaville kahdeksalle hakijalle, 1300 euroa kullekin:<\/p>\r\n\r\n\r\n\r\n<ul class=\"wp-block-list\">\r\n<li>PhD student Kilian Guse, Helsingin yliopisto<\/li>\r\n<li>FM Elina Kakkonen, Jyv\u00e4skyl\u00e4n yliopisto<\/li>\r\n<li>FM Niina Kivi, Helsingin yliopisto\u00a0\u00a0<\/li>\u00a0\u00a0\u00a0\u00a0\u00a0\u00a0\u00a0\u00a0\u00a0\u00a0\u00a0\u00a0\u00a0\u00a0\u00a0\u00a0\u00a0\u00a0\u00a0\u00a0\u00a0\u00a0\r\n<li>FM Maarit Oikarinen, Tampereen yliopisto<\/li>\r\n<li>FM Leena Yl\u00f6sm\u00e4ki, Helsingin yliopisto<\/li>\r\n<li>FK Kalle Kantola, Helsingin yliopisto<\/li>\r\n<li>LL Maria Rajecki, Helsingin yliopisto<\/li>\r\n<li>FM Einari Niskanen, Jyv\u00e4skyl\u00e4n yliopisto<\/li>\r\n<li>FM Riikka \u00d6sterback, Turun yliopisto<\/li>\r\n\r\n\r\n<\/ul>\r\n","protected":false},"excerpt":{"rendered":"<p>Virustautien tutkimuss\u00e4\u00e4ti\u00f6n apurahalautakunta (prof. Timo Hyypi\u00e4 pj., prof. Klaus Hedman ja dos. Varpu Marjom\u00e4ki) on antanut lausuntonsa apurahahakemuksista. K\u00e4sitelty\u00e4\u00e4n hakemukset ja saatuaan taloudenhoitajan lausunnon k\u00e4ytett\u00e4viss\u00e4 olevasta kokonaissummasta lautakunta on p\u00e4\u00e4tynyt yksimielisesti ehdottamaan apurahojen my\u00f6nt\u00e4mist\u00e4 seuraaville kahdeksalle hakijalle, 1300 euroa kullekin: PhD student Kilian Guse, Helsingin yliopisto FM Elina Kakkonen, Jyv\u00e4skyl\u00e4n yliopisto FM Niina Kivi, Helsingin [&hellip;]<\/p>\n","protected":false},"author":3,"featured_media":0,"parent":52,"menu_order":0,"comment_status":"closed","ping_status":"closed","template":"","meta":{"footnotes":""},"class_list":["post-416","page","type-page","status-publish","hentry"],"_links":{"self":[{"href":"http:\/\/virustauti.fi\/wpsite\/wp-json\/wp\/v2\/pages\/416","targetHints":{"allow":["GET"]}}],"collection":[{"href":"http:\/\/virustauti.fi\/wpsite\/wp-json\/wp\/v2\/pages"}],"about":[{"href":"http:\/\/virustauti.fi\/wpsite\/wp-json\/wp\/v2\/types\/page"}],"author":[{"embeddable":true,"href":"http:\/\/virustauti.fi\/wpsite\/wp-json\/wp\/v2\/users\/3"}],"replies":[{"embeddable":true,"href":"http:\/\/virustauti.fi\/wpsite\/wp-json\/wp\/v2\/comments?post=416"}],"version-history":[{"count":2,"href":"http:\/\/virustauti.fi\/wpsite\/wp-json\/wp\/v2\/pages\/416\/revisions"}],"predecessor-version":[{"id":418,"href":"http:\/\/virustauti.fi\/wpsite\/wp-json\/wp\/v2\/pages\/416\/revisions\/418"}],"up":[{"embeddable":true,"href":"http:\/\/virustauti.fi\/wpsite\/wp-json\/wp\/v2\/pages\/52"}],"wp:attachment":[{"href":"http:\/\/virustauti.fi\/wpsite\/wp-json\/wp\/v2\/media?parent=416"}],"curies":[{"name":"wp","href":"https:\/\/api.w.org\/{rel}","templated":true}]}}