{"id":413,"date":"2023-05-12T13:50:55","date_gmt":"2023-05-12T11:50:55","guid":{"rendered":"http:\/\/virustauti.fi\/wpsite\/?page_id=413"},"modified":"2023-05-12T13:50:55","modified_gmt":"2023-05-12T11:50:55","slug":"apurahat-2011","status":"publish","type":"page","link":"http:\/\/virustauti.fi\/wpsite\/apurahat\/apurahat-2011\/","title":{"rendered":"Apurahat 2011"},"content":{"rendered":"\r\n<p>\r\nVirustautien tutkimuss\u00e4\u00e4ti\u00f6n apurahalautakunta (dos. Varpu Marjom\u00e4ki, prof. Veijo\r\nHukkanen, prof. Olli Vapalahti) on antanut lausuntonsa apurahahakemuksista. Lautakunta\r\non p\u00e4\u00e4tynyt yksimielisesti my\u00f6nt\u00e4m\u00e4\u00e4n apurahat seuraaville yhdeks\u00e4lle hakijalle:<\/p>\r\n\r\n\r\n\r\n<ul class=\"wp-block-list\">\r\n<li>MMM Anu J\u00e4\u00e4skel\u00e4inen, Helsingin yliopisto, 1500 \u20ac<\/li>\r\n<li>FM Outi Heikkil\u00e4, Turun yliopisto, 1500 \u20ac<\/li>\r\n<li>FM Johanna Kerminen, Ty\u00f6terveyslaitos, Helsinki, 1300 \u20ac<\/li>\r\n<li>DI Tomas Strandin, Helsingin yliopisto, 1500 \u20ac<\/li>\r\n<li>FT, ins. Piritta Peri, Turun yliopisto, 1500 \u20ac<\/li>\r\n<li>LL Anniina Koski, Helsingin yliopisto, 1500 \u20ac<\/li>\r\n<li>FM Hao Wang, Helsingin yliopisto, 1000 \u20ac<\/li>\r\n<li>FM Anders Hafr\u00e9n, Helsingin yliopisto, 900 \u20ac<\/li>\r\n<li>FT Matti Jalasvuori, Jyv\u00e4skyl\u00e4n yliopisto,\u00a01000 \u20ac (matka-apuraha)<\/li>\r\n<li>FM Michaela Nyg\u00e5rdas, Turun yliopisto, 1000 \u20ac (matka-apuraha)<\/li>\r\n\r\n<\/ul>\r\n","protected":false},"excerpt":{"rendered":"<p>Virustautien tutkimuss\u00e4\u00e4ti\u00f6n apurahalautakunta (dos. Varpu Marjom\u00e4ki, prof. Veijo Hukkanen, prof. Olli Vapalahti) on antanut lausuntonsa apurahahakemuksista. Lautakunta on p\u00e4\u00e4tynyt yksimielisesti my\u00f6nt\u00e4m\u00e4\u00e4n apurahat seuraaville yhdeks\u00e4lle hakijalle: MMM Anu J\u00e4\u00e4skel\u00e4inen, Helsingin yliopisto, 1500 \u20ac FM Outi Heikkil\u00e4, Turun yliopisto, 1500 \u20ac FM Johanna Kerminen, Ty\u00f6terveyslaitos, Helsinki, 1300 \u20ac DI Tomas Strandin, Helsingin yliopisto, 1500 \u20ac FT, ins. [&hellip;]<\/p>\n","protected":false},"author":3,"featured_media":0,"parent":52,"menu_order":0,"comment_status":"closed","ping_status":"closed","template":"","meta":{"footnotes":""},"class_list":["post-413","page","type-page","status-publish","hentry"],"_links":{"self":[{"href":"http:\/\/virustauti.fi\/wpsite\/wp-json\/wp\/v2\/pages\/413","targetHints":{"allow":["GET"]}}],"collection":[{"href":"http:\/\/virustauti.fi\/wpsite\/wp-json\/wp\/v2\/pages"}],"about":[{"href":"http:\/\/virustauti.fi\/wpsite\/wp-json\/wp\/v2\/types\/page"}],"author":[{"embeddable":true,"href":"http:\/\/virustauti.fi\/wpsite\/wp-json\/wp\/v2\/users\/3"}],"replies":[{"embeddable":true,"href":"http:\/\/virustauti.fi\/wpsite\/wp-json\/wp\/v2\/comments?post=413"}],"version-history":[{"count":2,"href":"http:\/\/virustauti.fi\/wpsite\/wp-json\/wp\/v2\/pages\/413\/revisions"}],"predecessor-version":[{"id":415,"href":"http:\/\/virustauti.fi\/wpsite\/wp-json\/wp\/v2\/pages\/413\/revisions\/415"}],"up":[{"embeddable":true,"href":"http:\/\/virustauti.fi\/wpsite\/wp-json\/wp\/v2\/pages\/52"}],"wp:attachment":[{"href":"http:\/\/virustauti.fi\/wpsite\/wp-json\/wp\/v2\/media?parent=413"}],"curies":[{"name":"wp","href":"https:\/\/api.w.org\/{rel}","templated":true}]}}