{"id":405,"date":"2023-05-12T13:46:24","date_gmt":"2023-05-12T11:46:24","guid":{"rendered":"http:\/\/virustauti.fi\/wpsite\/?page_id=405"},"modified":"2023-05-12T13:49:16","modified_gmt":"2023-05-12T11:49:16","slug":"apurahat-2013","status":"publish","type":"page","link":"http:\/\/virustauti.fi\/wpsite\/apurahat\/apurahat-2013\/","title":{"rendered":"Apurahat 2013"},"content":{"rendered":"\r\n<p>Virustautien tutkimuss\u00e4\u00e4ti\u00f6n apurahalautakunta (prof. Heikki Hy\u00f6ty, dos. Maija Vihinen-\r\nRanta ja prof. Olli Vapalahti) on antanut lausuntonsa apurahahakemuksista. Lautakunta on\r\np\u00e4\u00e4tynyt yksimielisesti my\u00f6nt\u00e4m\u00e4\u00e4n apurahat seuraaville kymmenelle hakijalle, 1100 euroa\r\nkullekin:<\/p>\r\n\r\n\r\n\r\n<ul class=\"wp-block-list\">\r\n<li>FM Oxana Denisova, Helsingin yliopisto<\/li>\r\n<li>LL Elina Erra, Helsingin yliopisto<\/li>\r\n<li>LL Otto Hemminki, HYKS<\/li>\r\n<li>FT Miao Jiang, THL<\/li>\r\n<li>LL Laura Korhonen, Turun yliopisto<\/li>\r\n<li>FM Arun Kumar, Helsingin yliopisto<\/li>\r\n<li>FM Elina Laanto, Jyv\u00e4skyl\u00e4n yliopisto<\/li>\r\n<li>FM Juho Miettinen, Helsingin yliopisto<\/li>\r\n<li>FM Niina Putkuri, Helsingin yliopisto<\/li>\r\n<li>FM Minna Ylih\u00e4rsil\u00e4, Turun yliopisto<\/li>\r\n\r\n\r\n<\/ul>\r\n","protected":false},"excerpt":{"rendered":"<p>Virustautien tutkimuss\u00e4\u00e4ti\u00f6n apurahalautakunta (prof. Heikki Hy\u00f6ty, dos. Maija Vihinen- Ranta ja prof. Olli Vapalahti) on antanut lausuntonsa apurahahakemuksista. Lautakunta on p\u00e4\u00e4tynyt yksimielisesti my\u00f6nt\u00e4m\u00e4\u00e4n apurahat seuraaville kymmenelle hakijalle, 1100 euroa kullekin: FM Oxana Denisova, Helsingin yliopisto LL Elina Erra, Helsingin yliopisto LL Otto Hemminki, HYKS FT Miao Jiang, THL LL Laura Korhonen, Turun yliopisto FM Arun [&hellip;]<\/p>\n","protected":false},"author":3,"featured_media":0,"parent":52,"menu_order":0,"comment_status":"closed","ping_status":"closed","template":"","meta":{"footnotes":""},"class_list":["post-405","page","type-page","status-publish","hentry"],"_links":{"self":[{"href":"http:\/\/virustauti.fi\/wpsite\/wp-json\/wp\/v2\/pages\/405","targetHints":{"allow":["GET"]}}],"collection":[{"href":"http:\/\/virustauti.fi\/wpsite\/wp-json\/wp\/v2\/pages"}],"about":[{"href":"http:\/\/virustauti.fi\/wpsite\/wp-json\/wp\/v2\/types\/page"}],"author":[{"embeddable":true,"href":"http:\/\/virustauti.fi\/wpsite\/wp-json\/wp\/v2\/users\/3"}],"replies":[{"embeddable":true,"href":"http:\/\/virustauti.fi\/wpsite\/wp-json\/wp\/v2\/comments?post=405"}],"version-history":[{"count":3,"href":"http:\/\/virustauti.fi\/wpsite\/wp-json\/wp\/v2\/pages\/405\/revisions"}],"predecessor-version":[{"id":412,"href":"http:\/\/virustauti.fi\/wpsite\/wp-json\/wp\/v2\/pages\/405\/revisions\/412"}],"up":[{"embeddable":true,"href":"http:\/\/virustauti.fi\/wpsite\/wp-json\/wp\/v2\/pages\/52"}],"wp:attachment":[{"href":"http:\/\/virustauti.fi\/wpsite\/wp-json\/wp\/v2\/media?parent=405"}],"curies":[{"name":"wp","href":"https:\/\/api.w.org\/{rel}","templated":true}]}}