{"id":399,"date":"2023-05-12T13:42:13","date_gmt":"2023-05-12T11:42:13","guid":{"rendered":"http:\/\/virustauti.fi\/wpsite\/?page_id=399"},"modified":"2023-05-12T13:42:16","modified_gmt":"2023-05-12T11:42:16","slug":"apurahat-2015","status":"publish","type":"page","link":"http:\/\/virustauti.fi\/wpsite\/apurahat\/apurahat-2015\/","title":{"rendered":"Apurahat 2015"},"content":{"rendered":"\r\n<p>Virustautien Tutkimuss\u00e4\u00e4ti\u00f6n apurahalautakunta (prof. Heikki Hy\u00f6ty, dos. Tytti Vuorinen ja\r\nprof. Kalle Saksela) on antanut lausuntonsa apurahahakemuksista. Lautakunta on p\u00e4\u00e4tynyt\r\nyksimielisesti my\u00f6nt\u00e4m\u00e4\u00e4n apurahat seuraaville kymmenelle hakijalle, 1100 euroa kullekin:<\/p>\r\n\r\n\r\n\r\n<ul class=\"wp-block-list\">\r\n<li>Anastasina Maria, Helsingin yliopisto: Influenza A virus-host interactions and their\r\nmodulation by viral non-structural protein NS1<\/li>\r\n<li>Bramante Simona, Helsingin yliopisto: Serotype chimeric oncolytic adenovirus coding\r\nfor GM-CSF for treatment of sarcoma, melanoma and breast cancer in rodents and\r\nhumans<\/li>\r\n<li>Huhti Leena, Tampereen yliopisto: Significance of the norovirus GII.4 genotype as a\r\ncause of acute gastroenteritis in Finnish children, and the production of a candidate\r\nvirus-like particle vaccine (Kari Penttisen apuraha)<\/li>\r\n<li>Koskimaa Hanna-Mari, Turun yliopisto: Lapsuuden papilloomavirusinfektiot ja niiden\r\naiheuttama immuunivaste<\/li>\r\n<li>Martikainen Mari, Jyv\u00e4skyl\u00e4n yliopisto: V\u00e4it\u00f6skirjan muut kulut (mm. alan kirjoja ja\r\ntarpeellisia tietokone ohjelmia omaan k\u00e4ytt\u00f6\u00f6n). Picornavirus infection in vivo and in\r\nvitro &#8211; development of novel probes to follow virus infection (Nils Oker-Blomin\r\napuraha)<\/li>\r\n<li>Rommel Iheozor-Ejiofor, Helsingin yliopisto: Production and use of VSV pseudotypes\r\nexpressing virus envelope proteins as a safe substitute for live viruses in serotyping,\r\nvaccination, virus entry studies and monitoring of immune responses to highly\r\npathogenic viruses<\/li>\r\n<li>S\u00f6derholm Sandra, Helsingin yliopisto: Phosphoproteomics for characterization of\r\ninnate immune responses to viral infections and identification of novel cellular host\r\nfactors<\/li>\r\n<li>Tuppurainen Laura, It\u00e4-Suomen yliopisto: Adenovirusv\u00e4litteinen geeniterapia ja\r\nkemoterapia munasarjasy\u00f6v\u00e4n hoidossa sek\u00e4 diffuusiopainotteinen MRI sy\u00f6v\u00e4n\r\nkuvantamisessa<\/li>\r\n<li>V\u00e4is\u00e4nen Elina, Helsingin yliopisto: Bufavirus, ihmisen uusi parvovirus\/li>\r\n<li>Westenius Veera, THL: Lintuinfluenssavirusten laukaisemat antiviraalivasteet\/li>\r\n\r\n<\/ul>\r\n","protected":false},"excerpt":{"rendered":"<p>Virustautien Tutkimuss\u00e4\u00e4ti\u00f6n apurahalautakunta (prof. Heikki Hy\u00f6ty, dos. Tytti Vuorinen ja prof. Kalle Saksela) on antanut lausuntonsa apurahahakemuksista. Lautakunta on p\u00e4\u00e4tynyt yksimielisesti my\u00f6nt\u00e4m\u00e4\u00e4n apurahat seuraaville kymmenelle hakijalle, 1100 euroa kullekin: Anastasina Maria, Helsingin yliopisto: Influenza A virus-host interactions and their modulation by viral non-structural protein NS1 Bramante Simona, Helsingin yliopisto: Serotype chimeric oncolytic adenovirus coding for [&hellip;]<\/p>\n","protected":false},"author":3,"featured_media":0,"parent":52,"menu_order":0,"comment_status":"closed","ping_status":"closed","template":"","meta":{"footnotes":""},"class_list":["post-399","page","type-page","status-publish","hentry"],"_links":{"self":[{"href":"http:\/\/virustauti.fi\/wpsite\/wp-json\/wp\/v2\/pages\/399","targetHints":{"allow":["GET"]}}],"collection":[{"href":"http:\/\/virustauti.fi\/wpsite\/wp-json\/wp\/v2\/pages"}],"about":[{"href":"http:\/\/virustauti.fi\/wpsite\/wp-json\/wp\/v2\/types\/page"}],"author":[{"embeddable":true,"href":"http:\/\/virustauti.fi\/wpsite\/wp-json\/wp\/v2\/users\/3"}],"replies":[{"embeddable":true,"href":"http:\/\/virustauti.fi\/wpsite\/wp-json\/wp\/v2\/comments?post=399"}],"version-history":[{"count":2,"href":"http:\/\/virustauti.fi\/wpsite\/wp-json\/wp\/v2\/pages\/399\/revisions"}],"predecessor-version":[{"id":401,"href":"http:\/\/virustauti.fi\/wpsite\/wp-json\/wp\/v2\/pages\/399\/revisions\/401"}],"up":[{"embeddable":true,"href":"http:\/\/virustauti.fi\/wpsite\/wp-json\/wp\/v2\/pages\/52"}],"wp:attachment":[{"href":"http:\/\/virustauti.fi\/wpsite\/wp-json\/wp\/v2\/media?parent=399"}],"curies":[{"name":"wp","href":"https:\/\/api.w.org\/{rel}","templated":true}]}}