{"id":393,"date":"2023-05-12T13:34:51","date_gmt":"2023-05-12T11:34:51","guid":{"rendered":"http:\/\/virustauti.fi\/wpsite\/?page_id=393"},"modified":"2023-05-12T13:34:51","modified_gmt":"2023-05-12T11:34:51","slug":"apurahat-2016","status":"publish","type":"page","link":"http:\/\/virustauti.fi\/wpsite\/apurahat\/apurahat-2016\/","title":{"rendered":"Apurahat 2016"},"content":{"rendered":"\r\n<p>Virustautien Tutkimuss\u00e4\u00e4ti\u00f6n apurahalautakunta (dos. Kari Airenne, dos. Tytti Vuorinen ja\r\nprof. Kalle Saksela) on antanut lausuntonsa apurahahakemuksista. Virustautien\r\nTutkimuss\u00e4\u00e4ti\u00f6 on p\u00e4\u00e4tynyt yksimielisesti my\u00f6nt\u00e4m\u00e4\u00e4n apurahat seuraaville 10 hakijalle,\r\n1100 euroa kullekin:<\/p>\r\n\r\n\r\n\r\n<ul class=\"wp-block-list\">\r\n<li>Belanov Sergei, Helsingin yliopisto, Molecular drivers of influenza A virus evolution<\/li>\r\n<li>Cypryk Wojciech, Helsingin yliopisto: Proteomics to characterize extracellular vesicle-\r\nmediated protein secretion from human primary macrophages upon influenza A\r\ninfection<\/li>\r\n<li>Kallio Katri, Helsingin yliopisto: Characterizing the formation of alphavirus replication\r\ncomplexes by using a trans-replication system<\/li>\r\n<li>Korzyukov Yegor, Helsingin yliopisto: Characterization of reptarenaviruses in snakes<\/li>\r\n<li>Laiho Jutta, Tampereen yliopisto: Detection of enteroviruses in the pancreas and\r\nother tissues of type 1 diabetic and pre-diabetic subjects<\/li>\r\n<li>L\u00f5hmus Andres, Helsingin yliopisto: Molecular insights into Potato virus A replication<\/li>\r\n<li>M\u00e4ntyl\u00e4 Elina, Jyv\u00e4skyl\u00e4n yliopisto: Parvovirus interactions at nuclear envelope<\/li>\r\n<li>Toivonen Laura, Turun yliopisto: Rhinovirus infections in young children &#8211; clinical\r\neffects, susceptibility and host response<\/li>\r\n<li>Turunen Riitta, Turun yliopisto: Rinoviruksen ja sen eri genotyyppien merkitys\r\npienten lasten ensimm\u00e4isess\u00e4 akuutissa uloshengitysvaikeudessa<\/li>\r\n<li>T\u00e4htinen Siri, Helsingin yliopisto: Onkolyyttisen adenoviruksen ja adoptiivisen T-\r\nsolusiirron yhdistelm\u00e4 sy\u00f6v\u00e4n hoidossa: uusi l\u00e4hestymistapa levinneen sy\u00f6v\u00e4n\r\nimmunoterapiaan<\/li>\r\n\r\n<\/ul>\r\n","protected":false},"excerpt":{"rendered":"<p>Virustautien Tutkimuss\u00e4\u00e4ti\u00f6n apurahalautakunta (dos. Kari Airenne, dos. Tytti Vuorinen ja prof. Kalle Saksela) on antanut lausuntonsa apurahahakemuksista. Virustautien Tutkimuss\u00e4\u00e4ti\u00f6 on p\u00e4\u00e4tynyt yksimielisesti my\u00f6nt\u00e4m\u00e4\u00e4n apurahat seuraaville 10 hakijalle, 1100 euroa kullekin: Belanov Sergei, Helsingin yliopisto, Molecular drivers of influenza A virus evolution Cypryk Wojciech, Helsingin yliopisto: Proteomics to characterize extracellular vesicle- mediated protein secretion from human [&hellip;]<\/p>\n","protected":false},"author":3,"featured_media":0,"parent":52,"menu_order":0,"comment_status":"closed","ping_status":"closed","template":"","meta":{"footnotes":""},"class_list":["post-393","page","type-page","status-publish","hentry"],"_links":{"self":[{"href":"http:\/\/virustauti.fi\/wpsite\/wp-json\/wp\/v2\/pages\/393","targetHints":{"allow":["GET"]}}],"collection":[{"href":"http:\/\/virustauti.fi\/wpsite\/wp-json\/wp\/v2\/pages"}],"about":[{"href":"http:\/\/virustauti.fi\/wpsite\/wp-json\/wp\/v2\/types\/page"}],"author":[{"embeddable":true,"href":"http:\/\/virustauti.fi\/wpsite\/wp-json\/wp\/v2\/users\/3"}],"replies":[{"embeddable":true,"href":"http:\/\/virustauti.fi\/wpsite\/wp-json\/wp\/v2\/comments?post=393"}],"version-history":[{"count":1,"href":"http:\/\/virustauti.fi\/wpsite\/wp-json\/wp\/v2\/pages\/393\/revisions"}],"predecessor-version":[{"id":394,"href":"http:\/\/virustauti.fi\/wpsite\/wp-json\/wp\/v2\/pages\/393\/revisions\/394"}],"up":[{"embeddable":true,"href":"http:\/\/virustauti.fi\/wpsite\/wp-json\/wp\/v2\/pages\/52"}],"wp:attachment":[{"href":"http:\/\/virustauti.fi\/wpsite\/wp-json\/wp\/v2\/media?parent=393"}],"curies":[{"name":"wp","href":"https:\/\/api.w.org\/{rel}","templated":true}]}}