{"id":384,"date":"2023-05-12T13:27:25","date_gmt":"2023-05-12T11:27:25","guid":{"rendered":"http:\/\/virustauti.fi\/wpsite\/?page_id=384"},"modified":"2023-05-12T13:32:00","modified_gmt":"2023-05-12T11:32:00","slug":"apurahat-2018","status":"publish","type":"page","link":"http:\/\/virustauti.fi\/wpsite\/apurahat\/apurahat-2018\/","title":{"rendered":"Apurahat 2018"},"content":{"rendered":"\r\n<p>Virustautien Tutkimuss\u00e4\u00e4ti\u00f6n apurahalautakunta (dos. Kari Airenne, prof. Ilkka Julkunen ja\r\nprof. Olli Vapalahti) on antanut lausuntonsa apurahahakemuksista. Virustautien\r\nTutkimuss\u00e4\u00e4ti\u00f6 on p\u00e4\u00e4tynyt yksimielisesti my\u00f6nt\u00e4m\u00e4\u00e4n apurahat seuraaville 10 hakijalle,\r\n1000 euroa kullekin:<\/p>\r\n\r\n\r\n\r\n<ul class=\"wp-block-list\">\r\n<li>Fevola Cristina, Helsingin yliopisto: Ljungan virus as a zoonotic agent<\/li>\r\n<li>He Felix, Turun yliopisto: Ebola- ja Marburg-filovirusten molekyylitason mekanismit\r\nluontaisten immuunivasteiden estossa<\/li>\r\n<li>Karppinen Sinikka, Turun yliopisto\/TYKS: Viral and bacterial interaction in respiratory\r\ntract infections<\/li>\r\n<li>Korhonen Essi, Helsingin yliopisto: Hyttyset ja niiden levitt\u00e4m\u00e4t virukset Suomessa<\/li>\r\n<li>Ling Jiaxin, Helsingin yliopisto: Evolution and pathogenesis of Sindbis virus &#8211; the\r\ncausative agent of Pogosta disease in Fennoscandia<\/li>\r\n<li>M\u00e4ki Johanna, Turun yliopisto: Herpes Simplex virus in oral epithelium and HSV\r\nserology among Finnish pregnant women and their spouses during 6-year follow-up<\/li>\r\n<li>M\u00e4ntynen Sari, Helsingin ja Jyv\u00e4skyl\u00e4n yliopistot: What predicts and enables virus\r\nhost shifts? UC Davis for postdoctoral studies (matka-apuraha)<\/li>\r\n<li>Oristo Satu, Helsingin yliopisto: Ihmisen suolistovirusten epidemiologia &#8211; fomiittien\r\nrooli infektioiden levi\u00e4misess\u00e4<\/li>\r\n<li>Siurala Mikko, Helsingin yliopisto: Improving adoptive immunotherapies for cancer\r\nwith oncolytic adenoviruses<\/li>\r\n<li>Turunen Aaro, Turun yliopisto: Involvement of human papillomaviruses, herpes\r\nsimplex virus and Epstein-Barr virus in head and neck carcinomas<\/li>\r\n\r\n<\/ul>\r\n","protected":false},"excerpt":{"rendered":"<p>Virustautien Tutkimuss\u00e4\u00e4ti\u00f6n apurahalautakunta (dos. Kari Airenne, prof. Ilkka Julkunen ja prof. Olli Vapalahti) on antanut lausuntonsa apurahahakemuksista. Virustautien Tutkimuss\u00e4\u00e4ti\u00f6 on p\u00e4\u00e4tynyt yksimielisesti my\u00f6nt\u00e4m\u00e4\u00e4n apurahat seuraaville 10 hakijalle, 1000 euroa kullekin: Fevola Cristina, Helsingin yliopisto: Ljungan virus as a zoonotic agent He Felix, Turun yliopisto: Ebola- ja Marburg-filovirusten molekyylitason mekanismit luontaisten immuunivasteiden estossa Karppinen Sinikka, Turun [&hellip;]<\/p>\n","protected":false},"author":3,"featured_media":0,"parent":52,"menu_order":0,"comment_status":"closed","ping_status":"closed","template":"","meta":{"footnotes":""},"class_list":["post-384","page","type-page","status-publish","hentry"],"_links":{"self":[{"href":"http:\/\/virustauti.fi\/wpsite\/wp-json\/wp\/v2\/pages\/384","targetHints":{"allow":["GET"]}}],"collection":[{"href":"http:\/\/virustauti.fi\/wpsite\/wp-json\/wp\/v2\/pages"}],"about":[{"href":"http:\/\/virustauti.fi\/wpsite\/wp-json\/wp\/v2\/types\/page"}],"author":[{"embeddable":true,"href":"http:\/\/virustauti.fi\/wpsite\/wp-json\/wp\/v2\/users\/3"}],"replies":[{"embeddable":true,"href":"http:\/\/virustauti.fi\/wpsite\/wp-json\/wp\/v2\/comments?post=384"}],"version-history":[{"count":2,"href":"http:\/\/virustauti.fi\/wpsite\/wp-json\/wp\/v2\/pages\/384\/revisions"}],"predecessor-version":[{"id":392,"href":"http:\/\/virustauti.fi\/wpsite\/wp-json\/wp\/v2\/pages\/384\/revisions\/392"}],"up":[{"embeddable":true,"href":"http:\/\/virustauti.fi\/wpsite\/wp-json\/wp\/v2\/pages\/52"}],"wp:attachment":[{"href":"http:\/\/virustauti.fi\/wpsite\/wp-json\/wp\/v2\/media?parent=384"}],"curies":[{"name":"wp","href":"https:\/\/api.w.org\/{rel}","templated":true}]}}