{"id":378,"date":"2023-05-12T13:18:47","date_gmt":"2023-05-12T11:18:47","guid":{"rendered":"http:\/\/virustauti.fi\/wpsite\/?page_id=378"},"modified":"2023-05-12T13:38:32","modified_gmt":"2023-05-12T11:38:32","slug":"apurahat-2020","status":"publish","type":"page","link":"http:\/\/virustauti.fi\/wpsite\/apurahat\/apurahat-2020\/","title":{"rendered":"Apurahat 2020"},"content":{"rendered":"\r\n<p>Virustautien Tutkimuss\u00e4\u00e4ti\u00f6n apurahalautakunta (prof. Klaus Hedman, prof. Seppo Yl\u00e4-\r\nHerttuala, prof. Ilkka Julkunen) on antanut lausuntonsa apurahahakemuksista. Virustautien\r\nTutkimuss\u00e4\u00e4ti\u00f6 on p\u00e4\u00e4tynyt yksimielisesti my\u00f6nt\u00e4m\u00e4\u00e4n apurahat seuraaville viidelle\r\nhakijalle, 1000 euroa kullekin:<\/p>\r\n\r\n\r\n\r\n<ul class=\"wp-block-list\">\r\n<li>MSc Ville Hoikkala, Jyv\u00e4skyl\u00e4n yliopisto: Kalapatogeeni Flavobacterium columnaren\r\nCRISPR-immuunipuolustusmekanismit ja niiden vaikutukset faagi-\r\nbakteeriyhteisevoluutioon<\/li>\r\n<li>FM Rickard Lundberg, Turun yliopisto: Inhibition of innate immune responses by\r\nflaviviruses<\/li>\r\n<li>MSc Wang Yilin, Helsingin yliopisto: Development of microsphere-based\r\nserodiagnostics and their utility<\/li>\r\n<li>MSc Xu Man, Helsingin yliopisto: XVIII International Parvovirus Workshop, Rimini,\r\nItalia, 2020 (matka-apuraha)<\/li>\r\n<li>MSc Mira Laajala, Jyv\u00e4skyl\u00e4n yliopisto: European Study Group on the Molecular\r\nBiology of Picornaviruses Annual Meeting (EUROPIC), Helsinki, 2020 (matka-apuraha)<\/li>\r\n<\/ul>\r\n","protected":false},"excerpt":{"rendered":"<p>Virustautien Tutkimuss\u00e4\u00e4ti\u00f6n apurahalautakunta (prof. Klaus Hedman, prof. Seppo Yl\u00e4- Herttuala, prof. Ilkka Julkunen) on antanut lausuntonsa apurahahakemuksista. Virustautien Tutkimuss\u00e4\u00e4ti\u00f6 on p\u00e4\u00e4tynyt yksimielisesti my\u00f6nt\u00e4m\u00e4\u00e4n apurahat seuraaville viidelle hakijalle, 1000 euroa kullekin: MSc Ville Hoikkala, Jyv\u00e4skyl\u00e4n yliopisto: Kalapatogeeni Flavobacterium columnaren CRISPR-immuunipuolustusmekanismit ja niiden vaikutukset faagi- bakteeriyhteisevoluutioon FM Rickard Lundberg, Turun yliopisto: Inhibition of innate immune responses by [&hellip;]<\/p>\n","protected":false},"author":3,"featured_media":0,"parent":52,"menu_order":0,"comment_status":"closed","ping_status":"closed","template":"","meta":{"footnotes":""},"class_list":["post-378","page","type-page","status-publish","hentry"],"_links":{"self":[{"href":"http:\/\/virustauti.fi\/wpsite\/wp-json\/wp\/v2\/pages\/378","targetHints":{"allow":["GET"]}}],"collection":[{"href":"http:\/\/virustauti.fi\/wpsite\/wp-json\/wp\/v2\/pages"}],"about":[{"href":"http:\/\/virustauti.fi\/wpsite\/wp-json\/wp\/v2\/types\/page"}],"author":[{"embeddable":true,"href":"http:\/\/virustauti.fi\/wpsite\/wp-json\/wp\/v2\/users\/3"}],"replies":[{"embeddable":true,"href":"http:\/\/virustauti.fi\/wpsite\/wp-json\/wp\/v2\/comments?post=378"}],"version-history":[{"count":1,"href":"http:\/\/virustauti.fi\/wpsite\/wp-json\/wp\/v2\/pages\/378\/revisions"}],"predecessor-version":[{"id":379,"href":"http:\/\/virustauti.fi\/wpsite\/wp-json\/wp\/v2\/pages\/378\/revisions\/379"}],"up":[{"embeddable":true,"href":"http:\/\/virustauti.fi\/wpsite\/wp-json\/wp\/v2\/pages\/52"}],"wp:attachment":[{"href":"http:\/\/virustauti.fi\/wpsite\/wp-json\/wp\/v2\/media?parent=378"}],"curies":[{"name":"wp","href":"https:\/\/api.w.org\/{rel}","templated":true}]}}