{"id":371,"date":"2023-05-11T15:11:09","date_gmt":"2023-05-11T13:11:09","guid":{"rendered":"http:\/\/virustauti.fi\/wpsite\/?page_id=371"},"modified":"2024-01-05T17:05:02","modified_gmt":"2024-01-05T15:05:02","slug":"apurahat-2023","status":"publish","type":"page","link":"http:\/\/virustauti.fi\/wpsite\/apurahat\/apurahat-2023\/","title":{"rendered":"Apurahat 2023"},"content":{"rendered":"\r\n<p>Virustautien Tutkimuss\u00e4\u00e4ti\u00f6n apurahalautakunta (dos. Laura Kakkola, prof. Varpu\r\nMarjom\u00e4ki, dos. Jussi Hepojoki) on antanut lausuntonsa apurahahakemuksista. Virustautien\r\nTutkimuss\u00e4\u00e4ti\u00f6 on p\u00e4\u00e4tynyt yksimielisesti my\u00f6nt\u00e4m\u00e4\u00e4n apurahat seuraaville kahdeksalle\r\nhakijalle, 1000 euroa kullekin:<\/p>\r\n\r\n\r\n\r\n<ul class=\"wp-block-list\">\r\n<li>DI Pinja Jalkanen, Turun yliopisto: COVID-19 vaccine-induced adaptive immunity\r\nagainst SARS-CoV-2 variants<\/li>\r\n<li>FM Vili Lampinen, Tampereen yliopisto: Noroviruksen kaltaiseen partikkeliin\r\nperustuva universaali influenssarokote<\/li>\r\n<li>FT Aino Sormunen, It\u00e4-Suomen yliopisto: The effects of SARS-CoV-2 infection and\r\nexposure to its S protein in different cell types<\/li>\r\n<li>FM Annika Lintala, Helsingin yliopisto: Defining co-infection models, receptor\r\ninteractions and tissue tropism of segmented viruses, using reptarenaviruses as a\r\nmodel<\/li>\r\n<li>MSc Dafne Quixabeira, Helsingin yliopisto: Oncolytic adenovirus coding for a human\r\nvIL-2 cytokine to boost adoptive NK cell therapy efficacy for the treatment\r\nimmunosuppressive human solid tumors<\/li>\r\n<li>FM Phuoc Truong, Helsingin yliopisto: 8th European Congress of Virology 2023,\r\nGdansk, Puola (matka-apuraha)<\/li>\r\n<li>FM Maija Suvanto, Helsingin yliopisto: Kurssille Biology of Vector-borne Diseases,\r\nIdaho, USA (matka-apuraha)<\/li>\r\n<li>FM Milja Belik, Turun yliopisto: SARS-CoV-2 related humoral and cell-mediated immune responses<\/li>\r\n\r\n\r\n<\/ul>\r\n","protected":false},"excerpt":{"rendered":"<p>Virustautien Tutkimuss\u00e4\u00e4ti\u00f6n apurahalautakunta (dos. Laura Kakkola, prof. Varpu Marjom\u00e4ki, dos. Jussi Hepojoki) on antanut lausuntonsa apurahahakemuksista. Virustautien Tutkimuss\u00e4\u00e4ti\u00f6 on p\u00e4\u00e4tynyt yksimielisesti my\u00f6nt\u00e4m\u00e4\u00e4n apurahat seuraaville kahdeksalle hakijalle, 1000 euroa kullekin: DI Pinja Jalkanen, Turun yliopisto: COVID-19 vaccine-induced adaptive immunity against SARS-CoV-2 variants FM Vili Lampinen, Tampereen yliopisto: Noroviruksen kaltaiseen partikkeliin perustuva universaali influenssarokote FT Aino Sormunen, [&hellip;]<\/p>\n","protected":false},"author":3,"featured_media":0,"parent":52,"menu_order":0,"comment_status":"closed","ping_status":"closed","template":"","meta":{"footnotes":""},"class_list":["post-371","page","type-page","status-publish","hentry"],"_links":{"self":[{"href":"http:\/\/virustauti.fi\/wpsite\/wp-json\/wp\/v2\/pages\/371","targetHints":{"allow":["GET"]}}],"collection":[{"href":"http:\/\/virustauti.fi\/wpsite\/wp-json\/wp\/v2\/pages"}],"about":[{"href":"http:\/\/virustauti.fi\/wpsite\/wp-json\/wp\/v2\/types\/page"}],"author":[{"embeddable":true,"href":"http:\/\/virustauti.fi\/wpsite\/wp-json\/wp\/v2\/users\/3"}],"replies":[{"embeddable":true,"href":"http:\/\/virustauti.fi\/wpsite\/wp-json\/wp\/v2\/comments?post=371"}],"version-history":[{"count":2,"href":"http:\/\/virustauti.fi\/wpsite\/wp-json\/wp\/v2\/pages\/371\/revisions"}],"predecessor-version":[{"id":469,"href":"http:\/\/virustauti.fi\/wpsite\/wp-json\/wp\/v2\/pages\/371\/revisions\/469"}],"up":[{"embeddable":true,"href":"http:\/\/virustauti.fi\/wpsite\/wp-json\/wp\/v2\/pages\/52"}],"wp:attachment":[{"href":"http:\/\/virustauti.fi\/wpsite\/wp-json\/wp\/v2\/media?parent=371"}],"curies":[{"name":"wp","href":"https:\/\/api.w.org\/{rel}","templated":true}]}}