{"id":367,"date":"2023-05-11T15:07:30","date_gmt":"2023-05-11T13:07:30","guid":{"rendered":"http:\/\/virustauti.fi\/wpsite\/?page_id=367"},"modified":"2023-05-11T15:08:07","modified_gmt":"2023-05-11T13:08:07","slug":"apurahat-2022","status":"publish","type":"page","link":"http:\/\/virustauti.fi\/wpsite\/apurahat\/apurahat-2022\/","title":{"rendered":"Apurahat 2022"},"content":{"rendered":"\r\n<p>Virustautien Tutkimuss\u00e4\u00e4ti\u00f6n apurahalautakunta (dos. Laura Kakkola, prof. Varpu\r\nMarjom\u00e4ki, prof. Klaus Hedman) on antanut lausuntonsa apurahahakemuksista.\r\nVirustautien Tutkimuss\u00e4\u00e4ti\u00f6 on p\u00e4\u00e4tynyt yksimielisesti my\u00f6nt\u00e4m\u00e4\u00e4n apurahat seuraaville\r\nkuudelle hakijalle, 1000 euroa kullekin:<\/p>\r\n\r\n\r\n\r\n<ul class=\"wp-block-list\"><li>FM Jenni Virtanen, Helsingin yliopisto: Koronavirukset lepakoissa ja jyrsij\u00f6iss\u00e4\r\nSuomessa<\/li>\r\n<li>MSc Dhanik Reshamwala, Jyv\u00e4skyl\u00e4n yliopisto: Novel antivirals against enteroviruses<\/li>\r\n<li>MSc Salla Mattola,\u00a0Jyv\u00e4skyl\u00e4n yliopisto: Virus-host interactions during nuclear egress\r\nof parvoviruses<\/li>\r\n<li>MSc Ushanandin Mohanraj,\u00a0Helsingin yliopisto: Role of cutavirus in cutaneous T cell\r\nlymphoma and other cancer<\/li>\r\n<li>MSc Ravi Kant,\u00a0Helsingin yliopisto: Host cell regulators of SARS-CoV-2 and RSV\r\ninfections and role of Neuropilins in virus entry<\/li>\r\n<li>FM Eero Hietanen, Turun yliopisto: Bioinformatics of human picornavirus molecular\r\nevolution and pathogenesis<\/li>\r\n\r\n<\/ul>\r\n","protected":false},"excerpt":{"rendered":"<p>Virustautien Tutkimuss\u00e4\u00e4ti\u00f6n apurahalautakunta (dos. Laura Kakkola, prof. Varpu Marjom\u00e4ki, prof. Klaus Hedman) on antanut lausuntonsa apurahahakemuksista. Virustautien Tutkimuss\u00e4\u00e4ti\u00f6 on p\u00e4\u00e4tynyt yksimielisesti my\u00f6nt\u00e4m\u00e4\u00e4n apurahat seuraaville kuudelle hakijalle, 1000 euroa kullekin: FM Jenni Virtanen, Helsingin yliopisto: Koronavirukset lepakoissa ja jyrsij\u00f6iss\u00e4 Suomessa MSc Dhanik Reshamwala, Jyv\u00e4skyl\u00e4n yliopisto: Novel antivirals against enteroviruses MSc Salla Mattola,\u00a0Jyv\u00e4skyl\u00e4n yliopisto: Virus-host interactions during [&hellip;]<\/p>\n","protected":false},"author":3,"featured_media":0,"parent":52,"menu_order":0,"comment_status":"closed","ping_status":"closed","template":"","meta":{"footnotes":""},"class_list":["post-367","page","type-page","status-publish","hentry"],"_links":{"self":[{"href":"http:\/\/virustauti.fi\/wpsite\/wp-json\/wp\/v2\/pages\/367","targetHints":{"allow":["GET"]}}],"collection":[{"href":"http:\/\/virustauti.fi\/wpsite\/wp-json\/wp\/v2\/pages"}],"about":[{"href":"http:\/\/virustauti.fi\/wpsite\/wp-json\/wp\/v2\/types\/page"}],"author":[{"embeddable":true,"href":"http:\/\/virustauti.fi\/wpsite\/wp-json\/wp\/v2\/users\/3"}],"replies":[{"embeddable":true,"href":"http:\/\/virustauti.fi\/wpsite\/wp-json\/wp\/v2\/comments?post=367"}],"version-history":[{"count":3,"href":"http:\/\/virustauti.fi\/wpsite\/wp-json\/wp\/v2\/pages\/367\/revisions"}],"predecessor-version":[{"id":370,"href":"http:\/\/virustauti.fi\/wpsite\/wp-json\/wp\/v2\/pages\/367\/revisions\/370"}],"up":[{"embeddable":true,"href":"http:\/\/virustauti.fi\/wpsite\/wp-json\/wp\/v2\/pages\/52"}],"wp:attachment":[{"href":"http:\/\/virustauti.fi\/wpsite\/wp-json\/wp\/v2\/media?parent=367"}],"curies":[{"name":"wp","href":"https:\/\/api.w.org\/{rel}","templated":true}]}}