{"id":26,"date":"2022-01-29T20:58:28","date_gmt":"2022-01-29T18:58:28","guid":{"rendered":"http:\/\/virustauti.fi\/wpsite\/?page_id=26"},"modified":"2026-01-10T14:10:58","modified_gmt":"2026-01-10T12:10:58","slug":"virustautien-tutkimussaatio","status":"publish","type":"page","link":"http:\/\/virustauti.fi\/wpsite\/","title":{"rendered":"Virustautien Tutkimuss\u00e4\u00e4ti\u00f6"},"content":{"rendered":"\r\n<h5 class=\"wp-block-heading\">Historia<\/h5>\r\n\r\n\r\n\r\n<p>Suomalaisen virustutkimuksen tukemiseksi perustettiin 1970-luvulla virustautien tutkimuksen kannatusyhdistys r.y. Seuraavalla vuosikymmenell\u00e4 toimintaa jatkettiin Virustautien Tutkimuss\u00e4\u00e4ti\u00f6n puitteissa.<\/p>\r\n\r\n\r\n\r\n<h5 class=\"wp-block-heading\" id=\"saation-tarkoitus\">Tarkoitus<\/h5>\r\n\r\n\r\n\r\n<p>S\u00e4\u00e4ti\u00f6n tarkoituksena on lis\u00e4t\u00e4 ymm\u00e4rryst\u00e4 virustaudeista ja edesauttaa niiden torjuntaa tukemalla virustautien tutkimusta Suomessa.<\/p>\r\n\r\n\r\n\r\n<p>S\u00e4\u00e4ti\u00f6 toteuttaa tarkoitustaan my\u00f6nt\u00e4m\u00e4ll\u00e4 tutkimus- ja matka-apurahoja alan tutkijoille sek\u00e4 j\u00e4rjest\u00e4m\u00e4ll\u00e4 alan koulutusta ja tieteellisi\u00e4 kokouksia sek\u00e4 v\u00e4litt\u00e4m\u00e4ll\u00e4 tietoa viruksista ja virustutkimuksesta laajemmalle yleis\u00f6lle.<\/p>\r\n\r\n\r\n\r\n<p>S\u00e4\u00e4ti\u00f6n tuki on p\u00e4\u00e4osin kohdistettu nuorille ja lahjakkaille tutkijoille heid\u00e4n uransa alkuvaiheessa. Tuen avulla pyrit\u00e4\u00e4n parantamaan heid\u00e4n mahdollisuuttaan jatkaa virustutkimusta Suomessa sek\u00e4 houkuttelemaan maahamme lupaavia kansainv\u00e4lisi\u00e4 tutkijoita.<\/p>\r\n\r\n\r\n\r\n<h5 class=\"wp-block-heading\">S\u00e4\u00e4ti\u00f6n hallitus<\/h5>\r\n\r\n\r\n\r\n<p>Professori Kalle Saksela (puheenjohtaja)<br \/>Professori Olli Vapalahti<br \/>Professori Varpu Marjom\u00e4ki<br \/>L\u00e4\u00e4ketieteellinen johtaja Juhana J. Id\u00e4np\u00e4\u00e4n-Heikkil\u00e4<br \/>Ylil\u00e4\u00e4k\u00e4ri Kimmo Linnavuori<br \/>Ylil\u00e4\u00e4k\u00e4ri Tytti Vuorinen<br \/>Professori Seppo Yl\u00e4-Herttuala<br \/>Dosentti Paula Kinnunen<br \/>Dosentti Sami Oikarinen<\/p>\r\n<p><\/p>\r\n<p>&nbsp;<\/p>","protected":false},"excerpt":{"rendered":"<p>Historia Suomalaisen virustutkimuksen tukemiseksi perustettiin 1970-luvulla virustautien tutkimuksen kannatusyhdistys r.y. Seuraavalla vuosikymmenell\u00e4 toimintaa jatkettiin Virustautien Tutkimuss\u00e4\u00e4ti\u00f6n puitteissa. Tarkoitus S\u00e4\u00e4ti\u00f6n tarkoituksena on lis\u00e4t\u00e4 ymm\u00e4rryst\u00e4 virustaudeista ja edesauttaa niiden torjuntaa tukemalla virustautien tutkimusta Suomessa. S\u00e4\u00e4ti\u00f6 toteuttaa tarkoitustaan my\u00f6nt\u00e4m\u00e4ll\u00e4 tutkimus- ja matka-apurahoja alan tutkijoille sek\u00e4 j\u00e4rjest\u00e4m\u00e4ll\u00e4 alan koulutusta ja tieteellisi\u00e4 kokouksia sek\u00e4 v\u00e4litt\u00e4m\u00e4ll\u00e4 tietoa viruksista ja virustutkimuksesta laajemmalle [&hellip;]<\/p>\n","protected":false},"author":1,"featured_media":0,"parent":0,"menu_order":0,"comment_status":"closed","ping_status":"closed","template":"","meta":{"footnotes":""},"class_list":["post-26","page","type-page","status-publish","hentry"],"_links":{"self":[{"href":"http:\/\/virustauti.fi\/wpsite\/wp-json\/wp\/v2\/pages\/26","targetHints":{"allow":["GET"]}}],"collection":[{"href":"http:\/\/virustauti.fi\/wpsite\/wp-json\/wp\/v2\/pages"}],"about":[{"href":"http:\/\/virustauti.fi\/wpsite\/wp-json\/wp\/v2\/types\/page"}],"author":[{"embeddable":true,"href":"http:\/\/virustauti.fi\/wpsite\/wp-json\/wp\/v2\/users\/1"}],"replies":[{"embeddable":true,"href":"http:\/\/virustauti.fi\/wpsite\/wp-json\/wp\/v2\/comments?post=26"}],"version-history":[{"count":17,"href":"http:\/\/virustauti.fi\/wpsite\/wp-json\/wp\/v2\/pages\/26\/revisions"}],"predecessor-version":[{"id":506,"href":"http:\/\/virustauti.fi\/wpsite\/wp-json\/wp\/v2\/pages\/26\/revisions\/506"}],"wp:attachment":[{"href":"http:\/\/virustauti.fi\/wpsite\/wp-json\/wp\/v2\/media?parent=26"}],"curies":[{"name":"wp","href":"https:\/\/api.w.org\/{rel}","templated":true}]}}