{"id":131,"date":"2022-03-13T23:56:42","date_gmt":"2022-03-13T21:56:42","guid":{"rendered":"http:\/\/virustauti.fi\/wpsite\/?page_id=131"},"modified":"2026-01-08T18:32:01","modified_gmt":"2026-01-08T16:32:01","slug":"vuoden-nuori-virologi-palkinto","status":"publish","type":"page","link":"http:\/\/virustauti.fi\/wpsite\/vuoden-nuori-virologi-palkinto\/","title":{"rendered":"Vuoden nuori virologi -palkinto"},"content":{"rendered":"\r\n<p>S\u00e4\u00e4ti\u00f6 jakaa vuosittain Vuoden nuori virologi -palkinnon tunnustuksena ansiokkaasta ja nousujohteisesta toiminnasta tutkimusryhm\u00e4ns\u00e4 hiljattain perustaneelle tai t\u00e4t\u00e4 varhaisemmassa uravaiheessa olevalle lupaavalle tutkijalle.<\/p>\r\n\r\n\r\n\r\n<p>Kunniakirjan lis\u00e4ksi palkinnonsaajalle on luovutettu stipendi, joka on viime vuosina ollut suuruudeltaan noin 2000 \u20ac.<\/p>\r\n\r\n\r\n\r\n<p>Vuonna 2025 Vuoden nuori virologi -palkinnon sai LL Lari Py\u00f6ri\u00e4. Tietoa h\u00e4nen tutkimuksestaan l\u00f6yd\u00e4t <a href=\"https:\/\/www.helsinki.fi\/fi\/laaketieteellinen-tiedekunta\/ajankohtaista\/uutisarkisto\/vuoden-nuori-virologi-lari-pyoria\" target=\"_blank\" rel=\"noopener\" data-type=\"URL\" data-id=\"http:\/\/virustauti.fi\/wpsite\/wp-content\/uploads\/2024\/04\/tiedote-tutkimuksesta-ravi-ojha.pdf\">t\u00e4\u00e4lt\u00e4<\/a>.<\/p>\r\n\r\n\r\n\r\n<table style=\"border: none;\">\r\n<tbody>\r\n<tr>\r\n<td width=\"80px\">\r\n<p>2024<\/p>\r\n<\/td>\r\n<td width=\"400px\">\r\n<p>FT Ravi Ojha, Helsingin yliopisto<\/p>\r\n<\/td>\r\n<\/tr>\r\n<tr>\r\n<td>\r\n<p>2023<\/p>\r\n<\/td>\r\n<td>\r\n<p>FT Kiira Kalke, Turun yliopisto<\/p>\r\n<\/td>\r\n<\/tr>\r\n<tr>\r\n<td>\r\n<p>2022<\/p>\r\n<\/td>\r\n<td>\r\n<p>FT Mari Toppinen, Helsingin yliopisto<\/p>\r\n<\/td>\r\n<\/tr>\r\n<tr>\r\n<td>\r\n<p>2021<\/p>\r\n<\/td>\r\n<td>\r\n<p>FT Suvi Kuivanen, Helsingin yliopisto<\/p>\r\n<\/td>\r\n<\/tr>\r\n<tr>\r\n<td>\r\n<p>2020<\/p>\r\n<\/td>\r\n<td>\r\n<p>FT Minna Hankaniemi, Tampereen yliopisto<\/p>\r\n<\/td>\r\n<\/tr>\r\n<tr>\r\n<td>\r\n<p>2019<\/p>\r\n<\/td>\r\n<td>\r\n<p>FT Erkko Yl\u00f6sm\u00e4ki, Helsingin yliopisto<\/p>\r\n<\/td>\r\n<\/tr>\r\n<tr>\r\n<td>\r\n<p>2018<\/p>\r\n<\/td>\r\n<td>\r\n<p>FT Ilona Rissanen, Helsingin yliopisto<\/p>\r\n<\/td>\r\n<\/tr>\r\n<tr>\r\n<td>\r\n<p>2017<\/p>\r\n<\/td>\r\n<td>\r\n<p>FT Moona Huttunen, Jyv\u00e4skyl\u00e4n yliopisto\/University College London, UK<\/p>\r\n<\/td>\r\n<\/tr>\r\n<tr>\r\n<td>\r\n<p>2016<\/p>\r\n<\/td>\r\n<td>\r\n<p>FT, dos Maija Pietil\u00e4, Helsingin yliopisto<\/p>\r\n<\/td>\r\n<\/tr>\r\n<tr>\r\n<td>\r\n<p>2015<\/p>\r\n<\/td>\r\n<td>\r\n<p>FT Giuseppe Balistreri, Helsingin yliopisto<\/p>\r\n<\/td>\r\n<\/tr>\r\n<tr>\r\n<td>\r\n<p>2014<\/p>\r\n<\/td>\r\n<td>\r\n<p>FT Jussi Hepojoki, Helsingin yliopisto<\/p>\r\n<\/td>\r\n<\/tr>\r\n<tr>\r\n<td>\r\n<p>2013<\/p>\r\n<\/td>\r\n<td>\r\n<p>FM, l\u00e4\u00e4ket yo Kalle Kantola, Helsingin yliopisto<\/p>\r\n<\/td>\r\n<\/tr>\r\n<tr>\r\n<td>\r\n<p>2011<\/p>\r\n<\/td>\r\n<td>\r\n<p>FT Eili Huhtamo, Helsingin yliopisto<\/p>\r\n<\/td>\r\n<\/tr>\r\n<\/tbody>\r\n<\/table>\r\n","protected":false},"excerpt":{"rendered":"<p>S\u00e4\u00e4ti\u00f6 jakaa vuosittain Vuoden nuori virologi -palkinnon tunnustuksena ansiokkaasta ja nousujohteisesta toiminnasta tutkimusryhm\u00e4ns\u00e4 hiljattain perustaneelle tai t\u00e4t\u00e4 varhaisemmassa uravaiheessa olevalle lupaavalle tutkijalle. Kunniakirjan lis\u00e4ksi palkinnonsaajalle on luovutettu stipendi, joka on viime vuosina ollut suuruudeltaan noin 2000 \u20ac. Vuonna 2025 Vuoden nuori virologi -palkinnon sai LL Lari Py\u00f6ri\u00e4. Tietoa h\u00e4nen tutkimuksestaan l\u00f6yd\u00e4t t\u00e4\u00e4lt\u00e4. 2024 FT Ravi [&hellip;]<\/p>\n","protected":false},"author":1,"featured_media":0,"parent":0,"menu_order":5,"comment_status":"closed","ping_status":"closed","template":"","meta":{"footnotes":""},"class_list":["post-131","page","type-page","status-publish","hentry"],"_links":{"self":[{"href":"http:\/\/virustauti.fi\/wpsite\/wp-json\/wp\/v2\/pages\/131","targetHints":{"allow":["GET"]}}],"collection":[{"href":"http:\/\/virustauti.fi\/wpsite\/wp-json\/wp\/v2\/pages"}],"about":[{"href":"http:\/\/virustauti.fi\/wpsite\/wp-json\/wp\/v2\/types\/page"}],"author":[{"embeddable":true,"href":"http:\/\/virustauti.fi\/wpsite\/wp-json\/wp\/v2\/users\/1"}],"replies":[{"embeddable":true,"href":"http:\/\/virustauti.fi\/wpsite\/wp-json\/wp\/v2\/comments?post=131"}],"version-history":[{"count":20,"href":"http:\/\/virustauti.fi\/wpsite\/wp-json\/wp\/v2\/pages\/131\/revisions"}],"predecessor-version":[{"id":497,"href":"http:\/\/virustauti.fi\/wpsite\/wp-json\/wp\/v2\/pages\/131\/revisions\/497"}],"wp:attachment":[{"href":"http:\/\/virustauti.fi\/wpsite\/wp-json\/wp\/v2\/media?parent=131"}],"curies":[{"name":"wp","href":"https:\/\/api.w.org\/{rel}","templated":true}]}}