{"id":125,"date":"2022-02-25T23:02:44","date_gmt":"2022-02-25T21:02:44","guid":{"rendered":"http:\/\/virustauti.fi\/wpsite\/?page_id=125"},"modified":"2026-01-08T18:24:06","modified_gmt":"2026-01-08T16:24:06","slug":"yhteystiedot","status":"publish","type":"page","link":"http:\/\/virustauti.fi\/wpsite\/yhteystiedot\/","title":{"rendered":"Yhteystiedot"},"content":{"rendered":"\r\n<p><strong>Osoite:<\/strong><br \/>Virustautien tutkimuss\u00e4\u00e4ti\u00f6<br \/>Helsingin yliopisto<br \/>Virologian osasto<br \/>Haartmaninkatu 3<br \/>00290 Helsinki<\/p>\r\n\r\n\r\n\r\n<p><strong>S\u00e4\u00e4ti\u00f6n taloudenhoitaja:<\/strong><br \/>Professori Varpu Marjom\u00e4ki<br \/>Bio- ja Ymp\u00e4rist\u00f6tieteiden laitos<br \/>PL 35<br \/>40014 Jyv\u00e4skyl\u00e4n yliopisto<br \/>Email: varpu.s.marjomaki(at)jyu.fi<\/p>\r\n\r\n\r\n\r\n<p><strong>S\u00e4\u00e4ti\u00f6n asiamies:<\/strong><br \/>Jussi Hepojoki<br \/>Helsingin yliopisto<br \/>Virologian osasto<br \/>Haartmaninkatu 3<br \/>00290 Helsinki<br \/>Email: jussihepojoki(at)gmail.com<\/p>\r\n","protected":false},"excerpt":{"rendered":"<p>Osoite:Virustautien tutkimuss\u00e4\u00e4ti\u00f6Helsingin yliopistoVirologian osastoHaartmaninkatu 300290 Helsinki S\u00e4\u00e4ti\u00f6n taloudenhoitaja:Professori Varpu Marjom\u00e4kiBio- ja Ymp\u00e4rist\u00f6tieteiden laitosPL 3540014 Jyv\u00e4skyl\u00e4n yliopistoEmail: varpu.s.marjomaki(at)jyu.fi S\u00e4\u00e4ti\u00f6n asiamies:Jussi HepojokiHelsingin yliopistoVirologian osastoHaartmaninkatu 300290 HelsinkiEmail: jussihepojoki(at)gmail.com<\/p>\n","protected":false},"author":1,"featured_media":0,"parent":0,"menu_order":6,"comment_status":"closed","ping_status":"closed","template":"","meta":{"footnotes":""},"class_list":["post-125","page","type-page","status-publish","hentry"],"_links":{"self":[{"href":"http:\/\/virustauti.fi\/wpsite\/wp-json\/wp\/v2\/pages\/125","targetHints":{"allow":["GET"]}}],"collection":[{"href":"http:\/\/virustauti.fi\/wpsite\/wp-json\/wp\/v2\/pages"}],"about":[{"href":"http:\/\/virustauti.fi\/wpsite\/wp-json\/wp\/v2\/types\/page"}],"author":[{"embeddable":true,"href":"http:\/\/virustauti.fi\/wpsite\/wp-json\/wp\/v2\/users\/1"}],"replies":[{"embeddable":true,"href":"http:\/\/virustauti.fi\/wpsite\/wp-json\/wp\/v2\/comments?post=125"}],"version-history":[{"count":6,"href":"http:\/\/virustauti.fi\/wpsite\/wp-json\/wp\/v2\/pages\/125\/revisions"}],"predecessor-version":[{"id":495,"href":"http:\/\/virustauti.fi\/wpsite\/wp-json\/wp\/v2\/pages\/125\/revisions\/495"}],"wp:attachment":[{"href":"http:\/\/virustauti.fi\/wpsite\/wp-json\/wp\/v2\/media?parent=125"}],"curies":[{"name":"wp","href":"https:\/\/api.w.org\/{rel}","templated":true}]}}