{"id":120,"date":"2022-02-25T22:57:43","date_gmt":"2022-02-25T20:57:43","guid":{"rendered":"http:\/\/virustauti.fi\/wpsite\/?page_id=120"},"modified":"2023-05-22T09:35:17","modified_gmt":"2023-05-22T07:35:17","slug":"linkit","status":"publish","type":"page","link":"http:\/\/virustauti.fi\/wpsite\/virukset-ja-virustaudit\/linkit\/","title":{"rendered":"Linkit"},"content":{"rendered":"\r\n<p>&nbsp;<\/p>\r\n\r\n\r\n<p>P\u00e4ivitys meneill\u00e4\u00e4n.<\/p>\r\n\r\n\r\n<p><\/p>\r\n\r\n\r\n<p><\/p>\r\n\r\n\r\n<p><\/p>\r\n","protected":false},"excerpt":{"rendered":"<p>&nbsp; P\u00e4ivitys meneill\u00e4\u00e4n.<\/p>\n","protected":false},"author":1,"featured_media":0,"parent":7,"menu_order":2,"comment_status":"closed","ping_status":"closed","template":"","meta":{"footnotes":""},"class_list":["post-120","page","type-page","status-publish","hentry"],"_links":{"self":[{"href":"http:\/\/virustauti.fi\/wpsite\/wp-json\/wp\/v2\/pages\/120","targetHints":{"allow":["GET"]}}],"collection":[{"href":"http:\/\/virustauti.fi\/wpsite\/wp-json\/wp\/v2\/pages"}],"about":[{"href":"http:\/\/virustauti.fi\/wpsite\/wp-json\/wp\/v2\/types\/page"}],"author":[{"embeddable":true,"href":"http:\/\/virustauti.fi\/wpsite\/wp-json\/wp\/v2\/users\/1"}],"replies":[{"embeddable":true,"href":"http:\/\/virustauti.fi\/wpsite\/wp-json\/wp\/v2\/comments?post=120"}],"version-history":[{"count":4,"href":"http:\/\/virustauti.fi\/wpsite\/wp-json\/wp\/v2\/pages\/120\/revisions"}],"predecessor-version":[{"id":462,"href":"http:\/\/virustauti.fi\/wpsite\/wp-json\/wp\/v2\/pages\/120\/revisions\/462"}],"up":[{"embeddable":true,"href":"http:\/\/virustauti.fi\/wpsite\/wp-json\/wp\/v2\/pages\/7"}],"wp:attachment":[{"href":"http:\/\/virustauti.fi\/wpsite\/wp-json\/wp\/v2\/media?parent=120"}],"curies":[{"name":"wp","href":"https:\/\/api.w.org\/{rel}","templated":true}]}}