{"id":10,"date":"2022-01-29T18:12:15","date_gmt":"2022-01-29T18:12:15","guid":{"rendered":"http:\/\/virustauti.fi\/wpsite\/?page_id=10"},"modified":"2026-01-10T14:14:36","modified_gmt":"2026-01-10T12:14:36","slug":"tue-virustutkimusta","status":"publish","type":"page","link":"http:\/\/virustauti.fi\/wpsite\/tue-virustutkimusta\/","title":{"rendered":"Tue virustutkimusta"},"content":{"rendered":"\r\n<h5 class=\"wp-block-heading\" id=\"lahjoitukset\">Lahjoitukset<\/h5>\r\n\r\n\r\n\r\n<p><strong>Tule mukaan tukemaan suomalaista virustutkimusta!<\/strong><\/p>\r\n\r\n\r\n\r\n<div class=\"wp-block-columns is-layout-flex wp-container-core-columns-is-layout-9d6595d7 wp-block-columns-is-layout-flex\">\r\n<div class=\"wp-block-column is-layout-flow wp-block-column-is-layout-flow\" style=\"flex-basis: 100%;\">\r\n<p>Maassamme on tehty pitk\u00e4j\u00e4nteisesti kansainv\u00e4lisesti korkeatasoista ja arvostettua tutkimusta virustautien alalla. Koronaviruspandemia on tuonut t\u00e4m\u00e4n tutkimustoiminnan ja sen merkityksen konkreettisesti yleiseen tietoisuuteen.<\/p>\r\n<\/div>\r\n<\/div>\r\n\r\n\r\n\r\n<div class=\"wp-block-columns is-layout-flex wp-container-core-columns-is-layout-9d6595d7 wp-block-columns-is-layout-flex\">\r\n<div class=\"wp-block-column is-layout-flow wp-block-column-is-layout-flow\" style=\"flex-basis: 100%;\">\r\n<p>Julkisen tutkimusrahoituksen riitt\u00e4m\u00e4tt\u00f6myys korostaa yh\u00e4 voimakkaammin s\u00e4\u00e4ti\u00f6rahoituksen merkityst\u00e4 suomalaisen tieteellisen tutkimuksen mahdollistajana. Virustautien Tutkimuss\u00e4\u00e4ti\u00f6 on ainoa taho Suomessa, jonka my\u00f6nt\u00e4m\u00e4 rahoitus kohdentuu yksinomaan virustutkimuksen tukemiseen.<\/p>\r\n<\/div>\r\n<\/div>\r\n\r\n\r\n\r\n<div class=\"wp-block-columns is-layout-flex wp-container-core-columns-is-layout-9d6595d7 wp-block-columns-is-layout-flex\">\r\n<div class=\"wp-block-column is-layout-flow wp-block-column-is-layout-flow\" style=\"flex-basis: 100%;\">\r\n<p>T\u00e4m\u00e4n ker\u00e4yksen avulla S\u00e4\u00e4ti\u00f6 pyrkii lis\u00e4\u00e4m\u00e4\u00e4n vaikuttavuuttaan voidakseen nuorten tutkijoiden stipendien lis\u00e4ksi osallistua nykyist\u00e4 merkitt\u00e4v\u00e4mm\u00e4ll\u00e4 panoksella t\u00e4rkeiksi arvioimiensa tutkimushankkeiden tukemiseen.<\/p>\r\n<\/div>\r\n<\/div>\r\n\r\n\r\n\r\n<div class=\"wp-block-columns is-layout-flex wp-container-core-columns-is-layout-9d6595d7 wp-block-columns-is-layout-flex\">\r\n<div class=\"wp-block-column is-layout-flow wp-block-column-is-layout-flow\" style=\"flex-basis: 100%;\">\r\n<p>Sek\u00e4 yksityishenkil\u00f6t ett\u00e4 yhteis\u00f6t voivat tukea lahjoituksin Virustautien Tutkimuss\u00e4\u00e4ti\u00f6n toimintaa. Olemme kiitollisia jokaisesta lahjoituksesta.<\/p>\r\n<\/div>\r\n<\/div>\r\n\r\n\r\n\r\n<div class=\"wp-block-column is-layout-flow wp-block-column-is-layout-flow\"><\/div>\r\n<!-- \/wp:post-content -->\r\n\r\n<!-- wp:paragraph -->\r\n<p>Voit lahjoittaa haluamasi summan tilisiirtona alla olevia tietoja k\u00e4ytt\u00e4en:<\/p>\r\n<!-- \/wp:paragraph -->\r\n\r\n<!-- wp:table {\"style\":{\"border\":{\"width\":\"0px\",\"style\":\"none\"}},\"className\":\"is-style-stripes\"} -->\r\n<figure class=\"wp-block-table is-style-stripes\">\r\n<table style=\"border-style: none; border-width: 0px;\">\r\n<tbody>\r\n<tr>\r\n<td>Saaja:<\/td>\r\n<td>Virustautien Tutkimuss\u00e4\u00e4ti\u00f6 sr<\/td>\r\n<\/tr>\r\n<tr>\r\n<td>Tilinumero:<\/td>\r\n<td>FI98 1745 3000 2632 95<\/td>\r\n<\/tr>\r\n<tr>\r\n<td>Viesti:<\/td>\r\n<td>Lahjoitus Virustautien tutkimukseen<\/td>\r\n<\/tr>\r\n<\/tbody>\r\n<\/table>\r\n<\/figure>\r\n<!-- \/wp:table -->\r\n\r\n<!-- wp:paragraph -->\r\n<p>Lahjoituksen voi tehd\u00e4 my\u00f6s merkkip\u00e4iv\u00e4ker\u00e4yksen\u00e4 tai testamenttilahjoituksena. Lis\u00e4tietoja saat S\u00e4\u00e4ti\u00f6n asiamiehelt\u00e4.<\/p>\r\n<!-- \/wp:paragraph -->\r\n\r\n<!-- wp:paragraph -->\r\n<p>850 \u20ac &#8211; 50\u00a0000 \u20ac suuruiset lahjoitukset ovat verov\u00e4hennyskelpoisia yhteis\u00f6verotuksessa.<\/p>\r\n<!-- \/wp:paragraph -->\r\n\r\n<!-- wp:paragraph -->\r\n<p>Jos Sinulla on kysymyksi\u00e4 lahjoituksiin liittyen, S\u00e4\u00e4ti\u00f6n asiamies auttaa mielell\u00e4\u00e4n kaikissa lahjoituksiin liittyviss\u00e4 asioissa (jussihepojoki(at)gmail.com)<\/p>\r\n<!-- \/wp:paragraph -->\r\n\r\n<!-- wp:paragraph -->\r\n<p>Virustautien Tutkimuss\u00e4\u00e4ti\u00f6 sr<br \/>Rahanker\u00e4yslupa RA\/2021\/528<\/p>\r\n<!-- \/wp:paragraph -->\r\n\r\n<!-- wp:columns -->\r\n<div class=\"wp-block-columns\"><!-- wp:column {\"width\":\"100%\"} -->\r\n<div class=\"wp-block-column\" style=\"flex-basis: 100%;\"><!-- wp:paragraph --> <img loading=\"lazy\" decoding=\"async\" class=\"aligncenter\" src=\"http:\/\/virustauti.fi\/wpsite\/wp-content\/uploads\/2022\/03\/test3.jpg\" alt=\"\" width=\"400\" height=\"400\" \/> <!-- \/wp:paragraph --><\/div>\r\n<!-- \/wp:column --><\/div>\r\n<!-- \/wp:columns -->\r\n<p>&nbsp;<\/p>","protected":false},"excerpt":{"rendered":"<p>Lahjoitukset Tule mukaan tukemaan suomalaista virustutkimusta! Maassamme on tehty pitk\u00e4j\u00e4nteisesti kansainv\u00e4lisesti korkeatasoista ja arvostettua tutkimusta virustautien alalla. Koronaviruspandemia on tuonut t\u00e4m\u00e4n tutkimustoiminnan ja sen merkityksen konkreettisesti yleiseen tietoisuuteen. Julkisen tutkimusrahoituksen riitt\u00e4m\u00e4tt\u00f6myys korostaa yh\u00e4 voimakkaammin s\u00e4\u00e4ti\u00f6rahoituksen merkityst\u00e4 suomalaisen tieteellisen tutkimuksen mahdollistajana. Virustautien Tutkimuss\u00e4\u00e4ti\u00f6 on ainoa taho Suomessa, jonka my\u00f6nt\u00e4m\u00e4 rahoitus kohdentuu yksinomaan virustutkimuksen tukemiseen. T\u00e4m\u00e4n ker\u00e4yksen [&hellip;]<\/p>\n","protected":false},"author":1,"featured_media":0,"parent":0,"menu_order":3,"comment_status":"closed","ping_status":"closed","template":"","meta":{"footnotes":""},"class_list":["post-10","page","type-page","status-publish","hentry"],"_links":{"self":[{"href":"http:\/\/virustauti.fi\/wpsite\/wp-json\/wp\/v2\/pages\/10","targetHints":{"allow":["GET"]}}],"collection":[{"href":"http:\/\/virustauti.fi\/wpsite\/wp-json\/wp\/v2\/pages"}],"about":[{"href":"http:\/\/virustauti.fi\/wpsite\/wp-json\/wp\/v2\/types\/page"}],"author":[{"embeddable":true,"href":"http:\/\/virustauti.fi\/wpsite\/wp-json\/wp\/v2\/users\/1"}],"replies":[{"embeddable":true,"href":"http:\/\/virustauti.fi\/wpsite\/wp-json\/wp\/v2\/comments?post=10"}],"version-history":[{"count":30,"href":"http:\/\/virustauti.fi\/wpsite\/wp-json\/wp\/v2\/pages\/10\/revisions"}],"predecessor-version":[{"id":508,"href":"http:\/\/virustauti.fi\/wpsite\/wp-json\/wp\/v2\/pages\/10\/revisions\/508"}],"wp:attachment":[{"href":"http:\/\/virustauti.fi\/wpsite\/wp-json\/wp\/v2\/media?parent=10"}],"curies":[{"name":"wp","href":"https:\/\/api.w.org\/{rel}","templated":true}]}}